{"id":13598,"date":"2025-05-12T07:52:19","date_gmt":"2025-05-12T07:52:19","guid":{"rendered":"https:\/\/cmbe.com\/declaracion-de-accesibilidad\/"},"modified":"2026-04-22T04:39:11","modified_gmt":"2026-04-22T04:39:11","slug":"declaracion-de-accesibilidad","status":"publish","type":"page","link":"https:\/\/cmbe.com\/es\/declaracion-de-accesibilidad\/","title":{"rendered":"Declaraci\u00f3n de accesibilidad"},"content":{"rendered":"\t\t<div data-elementor-type=\"wp-page\" data-elementor-id=\"13598\" class=\"elementor elementor-13598 elementor-10771\" data-elementor-post-type=\"page\">\n\t\t\t\t<div class=\"elementor-element elementor-element-db49922 e-con-full e-flex e-con e-parent\" data-id=\"db49922\" data-element_type=\"container\">\n\t\t\t\t<div class=\"elementor-element elementor-element-ffb01cb elementor-widget elementor-widget-heading\" data-id=\"ffb01cb\" data-element_type=\"widget\" data-widget_type=\"heading.default\">\n\t\t\t\t\t<h1 class=\"elementor-heading-title elementor-size-default\">Declaraci\u00f3n de accesibilidad<\/h1>\t\t\t\t<\/div>\n\t\t\t\t<div class=\"elementor-element elementor-element-ea01af9 elementor-widget__width-initial elementor-widget-tablet__width-inherit elementor-widget elementor-widget-text-editor\" data-id=\"ea01af9\" data-element_type=\"widget\" data-widget_type=\"text-editor.default\">\n\t\t\t\t\t\t\t\t\t<p><strong style=\"text-align: start; font-size: 1rem;\">CarnaudMetalbox Engineering Ltd<\/strong><span style=\"text-align: start; font-size: 1rem;\">  se compromete a garantizar la accesibilidad digital a las personas con discapacidad. Mejoramos continuamente la experiencia de usuario para todos y aplicamos las normas de accesibilidad pertinentes. <\/span><\/p>\n<p> <\/p>\n<p><\/p>\n<p><\/p>\n<h6><strong>Estado de conformidad<\/strong><\/h6>\n<p><\/p>\n<p>Las Pautas de Accesibilidad al Contenido en la Web (WCAG) definen los requisitos que deben cumplir los dise\u00f1adores y desarrolladores para mejorar la accesibilidad de las personas con discapacidad. Define tres niveles de conformidad: Nivel A, Nivel AA y Nivel AAA. <\/p>\n<p><\/p>\n<p> <\/p>\n<p><strong>CarnaudMetalbox Engineering Ltd<\/strong> realiza esfuerzos constantes para mejorar la accesibilidad de su sitio web y sus servicios, en la creencia de que es nuestra obligaci\u00f3n moral colectiva permitir un uso sin problemas, accesible y sin obst\u00e1culos para aquellos de nosotros con discapacidades.<\/p>\n<p><\/p>\n<p>Nuestro objetivo es que todas las p\u00e1ginas y contenidos de <strong>https:\/\/cmbe.com<\/strong> sean accesibles, pero es posible que algunos contenidos a\u00fan no cumplan plenamente las normas de accesibilidad m\u00e1s estrictas. Esto puede deberse a dificultades para identificar la soluci\u00f3n tecnol\u00f3gica m\u00e1s adecuada. <\/p>\n<p> <\/p>\n<p>Podemos revisar esta Declaraci\u00f3n peri\u00f3dicamente para reflejar mejoras o cambios en nuestras pr\u00e1cticas de accesibilidad.<\/p>\n<p><\/p>\n<p><\/p>\n<h6> <\/h6>\n<h6> <\/h6>\n<h6><strong>Comentarios<\/strong><\/h6>\n<p><\/p>\n<p>Agradecemos tus comentarios sobre la accesibilidad del sitio web <strong>de CarnaudMetalbox Engineering Ltd.<\/strong> Por favor, inf\u00f3rmanos si encuentras barreras de accesibilidad en nuestro sitio web: <\/p>\n<p> <\/p>\n<p>Correo electr\u00f3nico: <strong>Caroline.SYMONDS@cmbe.co.uk<\/strong><\/p>\n<p><\/p>\n<p><\/p>\n<p> <\/p>\n<p>Intentamos responder a los comentarios en un plazo de 3 a 5 d\u00edas laborables.<\/p>\n<p><\/p>\n<p><\/p>\t\t\t\t\t\t\t\t<\/div>\n\t\t\t\t<div class=\"elementor-element elementor-element-78fb66a elementor-widget__width-initial elementor-widget-tablet__width-inherit elementor-widget elementor-widget-text-editor\" data-id=\"78fb66a\" data-element_type=\"widget\" data-widget_type=\"text-editor.default\">\n\t\t\t\t\t\t\t\t\t<p>Esta declaraci\u00f3n se cre\u00f3 el 12\/05\/2025.<\/p>\n<p><\/p>\n<p><\/p>\t\t\t\t\t\t\t\t<\/div>\n\t\t\t\t<\/div>\n\t\t\t\t<\/div>\n\t\t","protected":false},"excerpt":{"rendered":"<p>Declaraci\u00f3n de accesibilidad CarnaudMetalbox Engineering Ltd se compromete a garantizar la accesibilidad digital a las personas con discapacidad. Mejoramos continuamente la experiencia de usuario para todos y aplicamos las normas de accesibilidad pertinentes. Estado de conformidad Las Pautas de Accesibilidad al Contenido en la Web (WCAG) definen los requisitos que deben cumplir los dise\u00f1adores y [&hellip;]<\/p>\n","protected":false},"author":21,"featured_media":0,"parent":0,"menu_order":0,"comment_status":"closed","ping_status":"closed","template":"","meta":{"footnotes":""},"categories":[],"tags":[],"class_list":["post-13598","page","type-page","status-publish","hentry"],"yoast_head":"<!-- This site is optimized with the Yoast SEO plugin v25.8 - https:\/\/yoast.com\/wordpress\/plugins\/seo\/ -->\n<title>Declaraci\u00f3n de accesibilidad - cmbe.com<\/title>\n<meta name=\"robots\" content=\"index, follow, max-snippet:-1, max-image-preview:large, max-video-preview:-1\" \/>\n<link rel=\"canonical\" href=\"https:\/\/cmbe.com\/accessibility-statement\/\" \/>\n<meta property=\"og:locale\" content=\"es_ES\" \/>\n<meta property=\"og:type\" content=\"article\" \/>\n<meta property=\"og:title\" content=\"Declaraci\u00f3n de accesibilidad - cmbe.com\" \/>\n<meta property=\"og:description\" content=\"Declaraci\u00f3n de accesibilidad CarnaudMetalbox Engineering Ltd se compromete a garantizar la accesibilidad digital a las personas con discapacidad. Mejoramos continuamente la experiencia de usuario para todos y aplicamos las normas de accesibilidad pertinentes. Estado de conformidad Las Pautas de Accesibilidad al Contenido en la Web (WCAG) definen los requisitos que deben cumplir los dise\u00f1adores y [&hellip;]\" \/>\n<meta property=\"og:url\" content=\"https:\/\/cmbe.com\/accessibility-statement\/\" \/>\n<meta property=\"og:site_name\" content=\"cmbe.com\" \/>\n<meta property=\"article:modified_time\" content=\"2026-04-22T04:39:11+00:00\" \/>\n<meta name=\"twitter:card\" content=\"summary_large_image\" \/>\n<meta name=\"twitter:label1\" content=\"Tiempo de lectura\" \/>\n\t<meta name=\"twitter:data1\" content=\"1 minuto\" \/>\n<script type=\"application\/ld+json\" class=\"yoast-schema-graph\">{\"@context\":\"https:\/\/schema.org\",\"@graph\":[{\"@type\":\"WebPage\",\"@id\":\"https:\/\/cmbe.com\/accessibility-statement\/\",\"url\":\"https:\/\/cmbe.com\/accessibility-statement\/\",\"name\":\"Declaraci\u00f3n de accesibilidad - cmbe.com\",\"isPartOf\":{\"@id\":\"https:\/\/cmbe.com\/#website\"},\"datePublished\":\"2025-05-12T07:52:19+00:00\",\"dateModified\":\"2026-04-22T04:39:11+00:00\",\"breadcrumb\":{\"@id\":\"https:\/\/cmbe.com\/accessibility-statement\/#breadcrumb\"},\"inLanguage\":\"es\",\"potentialAction\":[{\"@type\":\"ReadAction\",\"target\":[\"https:\/\/cmbe.com\/accessibility-statement\/\"]}]},{\"@type\":\"BreadcrumbList\",\"@id\":\"https:\/\/cmbe.com\/accessibility-statement\/#breadcrumb\",\"itemListElement\":[{\"@type\":\"ListItem\",\"position\":1,\"name\":\"Home\",\"item\":\"https:\/\/cmbe.com\/\"},{\"@type\":\"ListItem\",\"position\":2,\"name\":\"Declaraci\u00f3n de accesibilidad\"}]},{\"@type\":\"WebSite\",\"@id\":\"https:\/\/cmbe.com\/#website\",\"url\":\"https:\/\/cmbe.com\/\",\"name\":\"cmbe.com\",\"description\":\"\",\"potentialAction\":[{\"@type\":\"SearchAction\",\"target\":{\"@type\":\"EntryPoint\",\"urlTemplate\":\"https:\/\/cmbe.com\/?s={search_term_string}\"},\"query-input\":{\"@type\":\"PropertyValueSpecification\",\"valueRequired\":true,\"valueName\":\"search_term_string\"}}],\"inLanguage\":\"es\"}]}<\/script>\n<!-- \/ Yoast SEO plugin. -->","yoast_head_json":{"title":"Declaraci\u00f3n de accesibilidad - cmbe.com","robots":{"index":"index","follow":"follow","max-snippet":"max-snippet:-1","max-image-preview":"max-image-preview:large","max-video-preview":"max-video-preview:-1"},"canonical":"https:\/\/cmbe.com\/accessibility-statement\/","og_locale":"es_ES","og_type":"article","og_title":"Declaraci\u00f3n de accesibilidad - cmbe.com","og_description":"Declaraci\u00f3n de accesibilidad CarnaudMetalbox Engineering Ltd se compromete a garantizar la accesibilidad digital a las personas con discapacidad. Mejoramos continuamente la experiencia de usuario para todos y aplicamos las normas de accesibilidad pertinentes. Estado de conformidad Las Pautas de Accesibilidad al Contenido en la Web (WCAG) definen los requisitos que deben cumplir los dise\u00f1adores y [&hellip;]","og_url":"https:\/\/cmbe.com\/accessibility-statement\/","og_site_name":"cmbe.com","article_modified_time":"2026-04-22T04:39:11+00:00","twitter_card":"summary_large_image","twitter_misc":{"Tiempo de lectura":"1 minuto"},"schema":{"@context":"https:\/\/schema.org","@graph":[{"@type":"WebPage","@id":"https:\/\/cmbe.com\/accessibility-statement\/","url":"https:\/\/cmbe.com\/accessibility-statement\/","name":"Declaraci\u00f3n de accesibilidad - cmbe.com","isPartOf":{"@id":"https:\/\/cmbe.com\/#website"},"datePublished":"2025-05-12T07:52:19+00:00","dateModified":"2026-04-22T04:39:11+00:00","breadcrumb":{"@id":"https:\/\/cmbe.com\/accessibility-statement\/#breadcrumb"},"inLanguage":"es","potentialAction":[{"@type":"ReadAction","target":["https:\/\/cmbe.com\/accessibility-statement\/"]}]},{"@type":"BreadcrumbList","@id":"https:\/\/cmbe.com\/accessibility-statement\/#breadcrumb","itemListElement":[{"@type":"ListItem","position":1,"name":"Home","item":"https:\/\/cmbe.com\/"},{"@type":"ListItem","position":2,"name":"Declaraci\u00f3n de accesibilidad"}]},{"@type":"WebSite","@id":"https:\/\/cmbe.com\/#website","url":"https:\/\/cmbe.com\/","name":"cmbe.com","description":"","potentialAction":[{"@type":"SearchAction","target":{"@type":"EntryPoint","urlTemplate":"https:\/\/cmbe.com\/?s={search_term_string}"},"query-input":{"@type":"PropertyValueSpecification","valueRequired":true,"valueName":"search_term_string"}}],"inLanguage":"es"}]}},"_links":{"self":[{"href":"https:\/\/cmbe.com\/es\/wp-json\/wp\/v2\/pages\/13598","targetHints":{"allow":["GET"]}}],"collection":[{"href":"https:\/\/cmbe.com\/es\/wp-json\/wp\/v2\/pages"}],"about":[{"href":"https:\/\/cmbe.com\/es\/wp-json\/wp\/v2\/types\/page"}],"author":[{"embeddable":true,"href":"https:\/\/cmbe.com\/es\/wp-json\/wp\/v2\/users\/21"}],"replies":[{"embeddable":true,"href":"https:\/\/cmbe.com\/es\/wp-json\/wp\/v2\/comments?post=13598"}],"version-history":[{"count":2,"href":"https:\/\/cmbe.com\/es\/wp-json\/wp\/v2\/pages\/13598\/revisions"}],"predecessor-version":[{"id":13603,"href":"https:\/\/cmbe.com\/es\/wp-json\/wp\/v2\/pages\/13598\/revisions\/13603"}],"wp:attachment":[{"href":"https:\/\/cmbe.com\/es\/wp-json\/wp\/v2\/media?parent=13598"}],"wp:term":[{"taxonomy":"category","embeddable":true,"href":"https:\/\/cmbe.com\/es\/wp-json\/wp\/v2\/categories?post=13598"},{"taxonomy":"post_tag","embeddable":true,"href":"https:\/\/cmbe.com\/es\/wp-json\/wp\/v2\/tags?post=13598"}],"curies":[{"name":"wp","href":"https:\/\/api.w.org\/{rel}","templated":true}]}}