{"id":13643,"date":"2025-02-18T08:34:39","date_gmt":"2025-02-18T08:34:39","guid":{"rendered":"https:\/\/cmbe.com\/politica-de-ims\/"},"modified":"2026-04-26T13:14:14","modified_gmt":"2026-04-26T13:14:14","slug":"politica-de-ims","status":"publish","type":"page","link":"https:\/\/cmbe.com\/es\/politica-de-ims\/","title":{"rendered":"Pol\u00edtica de IMS"},"content":{"rendered":"\t\t<div data-elementor-type=\"wp-page\" data-elementor-id=\"13643\" class=\"elementor elementor-13643 elementor-9582\" data-elementor-post-type=\"page\">\n\t\t\t\t<div class=\"elementor-element elementor-element-722a160 e-con-full e-flex e-con e-parent\" data-id=\"722a160\" data-element_type=\"container\">\n\t\t<div class=\"elementor-element elementor-element-f255aba e-con-full e-flex e-con e-child\" data-id=\"f255aba\" data-element_type=\"container\">\n\t\t\t\t<div class=\"elementor-element elementor-element-4e67798 elementor-widget elementor-widget-heading\" data-id=\"4e67798\" data-element_type=\"widget\" data-widget_type=\"heading.default\">\n\t\t\t\t\t<h2 class=\"elementor-heading-title elementor-size-default\">POL\u00cdTICA DEL SISTEMA INTEGRADO DE GESTI\u00d3N<\/h2>\t\t\t\t<\/div>\n\t\t\t\t<div class=\"elementor-element elementor-element-3344c44 elementor-widget__width-inherit elementor-widget elementor-widget-text-editor\" data-id=\"3344c44\" data-element_type=\"widget\" data-widget_type=\"text-editor.default\">\n\t\t\t\t\t\t\t\t\t<p class=\"p1\">Todos los que formamos <b>Carnaud Metalbox Engineering (CMbE<\/b> ) estamos orgullosos de trabajar juntos para conseguir un <span style=\"text-align: var(--text-align);\">negocio  rentable, sostenible y \u00e9tico, manteniendo al mismo tiempo los m\u00e1s altos est\u00e1ndares de salud, seguridad, medio ambiente y <\/span> <span style=\"text-align: var(--text-align);\">calidad en todas nuestras actividades. El rendimiento seguro e innovador de   <\/span><b style=\"text-align: var(--text-align);\">CMbE<\/b><span style=\"text-align: var(--text-align);\"> y nuestros proveedores es <\/span><span style=\"text-align: var(--text-align);\">fundamental para todos los que trabajan para la empresa, nuestros clientes, nuestra comunidad y, en \u00faltima instancia, para el \u00e9xito de nuestra <\/span> <span style=\"text-align: var(--text-align);\">negocio. Aqu\u00ed, en   <\/span><b style=\"text-align: var(--text-align);\">CMbE<\/b><span style=\"text-align: var(--text-align);\"> dise\u00f1amos y fabricamos maquinaria de alta calidad para la industria de fabricaci\u00f3n de latas, <\/span> <span style=\"text-align: var(--text-align);\">incluyendo el mantenimiento, la formaci\u00f3n y el suministro de piezas de recambio. El equipo directivo se compromete a   <\/span><span style=\"text-align: var(--text-align);\">la integraci\u00f3n continuada de los Sistemas de Gesti\u00f3n de Salud, Seguridad, Medio Ambiente y Calidad.  <\/span><\/p><p class=\"p1\"><span style=\"text-align: var(--text-align);\"> <\/span><\/p><p class=\"p1\"><span style=\"text-align: var(--text-align);\">Nos comprometemos a:<\/span><\/p><p class=\"p1\"><span class=\"s1\" style=\"text-align: var(--text-align);\">\u2713<\/span><span style=\"text-align: var(--text-align);\"> Eliminar los peligros y reducir los riesgos para la salud y la seguridad en el trabajo a fin de prevenir incidentes, lesiones <\/span><span style=\"text-align: var(--text-align);\">la mala salud y la contaminaci\u00f3n;<\/span><\/p><p class=\"p1\"><span class=\"s1\">\u2713<\/span> Proteger el medio ambiente minimizando nuestro impacto medioambiental;<\/p><p class=\"p1\"><span class=\"s1\">\u2713<\/span> Buscar la excelencia en todo lo que hacemos;<\/p><p class=\"p1\"><span class=\"s1\">\u2713<\/span> Cumplir todos los requisitos legales, reglamentarios y acordados con las partes interesadas;<\/p><p class=\"p1\"><span class=\"s1\">\u2713<\/span> C\u00e9ntrate en a\u00f1adir valor al negocio del cliente;<\/p><p class=\"p1\"><span class=\"s1\">\u2713<\/span> Promover la salud y el bienestar de nuestro personal y proporcionar un entorno que haga que venir a <span style=\"text-align: var(--text-align);\">trabajar sea agradable y gratificante;<\/span><\/p><p class=\"p1\"><span class=\"s1\">\u2713<\/span> Mejora continua del rendimiento en todas nuestras actividades mediante el establecimiento de objetivos, metas, <span style=\"text-align: var(--text-align);\">formaci\u00f3n y adopci\u00f3n de mejores pr\u00e1cticas coherentes;<\/span><\/p><p class=\"p1\"><span class=\"s1\">\u2713<\/span> Trabajar en colaboraci\u00f3n responsable con todas las partes interesadas internas y externas para garantizar que nuestra pol\u00edtica <span style=\"text-align: var(--text-align);\">y nuestras expectativas est\u00e1n integradas en todas nuestras actividades;<\/span><\/p><p class=\"p1\"><span class=\"s1\">\u2713<\/span> Consulta y participaci\u00f3n de los trabajadores y sus representantes;<\/p><p class=\"p1\"><span class=\"s1\">\u2713<\/span> Proporcionar formaci\u00f3n adecuada a todo el personal;<\/p><p class=\"p1\"><span class=\"s1\">\u2713<\/span> Comprometernos con el desarrollo de aprendices como parte integral de nuestro negocio futuro;<\/p><p class=\"p1\"><span class=\"s1\">\u2713<\/span> Garantizar la existencia de recursos adecuados y suficientes para el cumplimiento de nuestros fines;<\/p><p class=\"p1\"><span class=\"s1\">\u2713<\/span> Innovar nuestros productos y servicios, considerando los riesgos, oportunidades e implicaciones;<\/p><p class=\"p1\"><span class=\"s1\">\u2713<\/span> Trabajar para superar los requisitos de las normas ISO 9001:2015, ISO 14001:2015 e ISO 45001:2018;<\/p><p class=\"p1\"><span class=\"s1\">\u2713<\/span> Revisar peri\u00f3dicamente esta pol\u00edtica para garantizar que sigue siendo adecuada y que su contenido <span style=\"text-align: var(--text-align);\">se comunica a todas las partes interesadas y se comprende dentro de la empresa.<\/span><\/p>\t\t\t\t\t\t\t\t<\/div>\n\t\t\t\t<div class=\"elementor-element elementor-element-29da8d5 elementor-widget-divider--view-line elementor-widget elementor-widget-divider\" data-id=\"29da8d5\" data-element_type=\"widget\" data-widget_type=\"divider.default\">\n\t\t\t\t\t\t\t<div class=\"elementor-divider\">\n\t\t\t<span class=\"elementor-divider-separator\">\n\t\t\t\t\t\t<\/span>\n\t\t<\/div>\n\t\t\t\t\t\t<\/div>\n\t\t<div class=\"elementor-element elementor-element-3781078 e-con-full e-flex e-con e-child\" data-id=\"3781078\" data-element_type=\"container\">\n\t\t\t\t<div class=\"elementor-element elementor-element-5c595d6 elementor-widget__width-initial elementor-widget elementor-widget-heading\" data-id=\"5c595d6\" data-element_type=\"widget\" data-widget_type=\"heading.default\">\n\t\t\t\t\t<h2 class=\"elementor-heading-title elementor-size-default\"><p style=\"margin: 0px;font-size: 11.5px;line-height: normal;font-family: Arial\"><b>Preparado por: <\/b><span style=\"font-weight: 400\">V Baines-Jone <\/span><\/p><p style=\"margin: 0px;font-size: 11.5px;line-height: normal;font-family: Arial\"><span style=\"text-align: var(--text-align)\">Aprobado por: <\/span><span style=\"text-align: var(--text-align);font-weight: 400\">Andrew Truelove<\/span><span style=\"color: var( --e-global-color-primary );font-family: var( --e-global-typography-primary-font-family ), Sans-serif;font-size: 2rem;font-weight: var( --e-global-typography-primary-font-weight );text-align: var(--text-align)\"><\/span><\/p><\/h2>\t\t\t\t<\/div>\n\t\t\t\t<div class=\"elementor-element elementor-element-a6a3d8b elementor-widget__width-initial elementor-widget elementor-widget-heading\" data-id=\"a6a3d8b\" data-element_type=\"widget\" data-widget_type=\"heading.default\">\n\t\t\t\t\t<h2 class=\"elementor-heading-title elementor-size-default\"><p style=\"margin: 0px;font-weight: 400;font-size: 11.5px;line-height: normal;font-family: Arial\"><b style=\"text-align: var(--text-align)\">Edici\u00f3n: <\/b><span style=\"text-align: var(--text-align)\">11.0 <\/span><span style=\"color: var( --e-global-color-primary );font-family: var( --e-global-typography-primary-font-family ), Sans-serif;font-size: 2rem;font-weight: var( --e-global-typography-primary-font-weight );text-align: var(--text-align)\"><\/span><\/p><\/h2>\t\t\t\t<\/div>\n\t\t\t\t<div class=\"elementor-element elementor-element-17e6b7f elementor-widget__width-initial elementor-widget elementor-widget-heading\" data-id=\"17e6b7f\" data-element_type=\"widget\" data-widget_type=\"heading.default\">\n\t\t\t\t\t<h2 class=\"elementor-heading-title elementor-size-default\"><p style=\"margin: 0px;font-weight: 400;font-size: 11.5px;line-height: normal;font-family: Arial\"><b style=\"text-align: var(--text-align)\">Fecha: <\/b><span style=\"text-align: var(--text-align)\">12 Feb 2025<\/span><span style=\"color: var( --e-global-color-primary );font-family: var( --e-global-typography-primary-font-family ), Sans-serif;font-size: 2rem;font-weight: var( --e-global-typography-primary-font-weight );text-align: var(--text-align)\"><\/span><\/p><\/h2>\t\t\t\t<\/div>\n\t\t\t\t<\/div>\n\t\t\t\t<\/div>\n\t\t\t\t<\/div>\n\t\t\t\t<\/div>\n\t\t","protected":false},"excerpt":{"rendered":"<p>POL\u00cdTICA DEL SISTEMA INTEGRADO DE GESTI\u00d3N Todos los que formamos Carnaud Metalbox Engineering (CMbE ) estamos orgullosos de trabajar juntos para conseguir un negocio rentable, sostenible y \u00e9tico, manteniendo al mismo tiempo los m\u00e1s altos est\u00e1ndares de salud, seguridad, medio ambiente y calidad en todas nuestras actividades. El rendimiento seguro e innovador de CMbE y [&hellip;]<\/p>\n","protected":false},"author":21,"featured_media":0,"parent":0,"menu_order":0,"comment_status":"closed","ping_status":"closed","template":"","meta":{"footnotes":""},"categories":[],"tags":[],"class_list":["post-13643","page","type-page","status-publish","hentry"],"yoast_head":"<!-- This site is optimized with the Yoast SEO plugin v25.8 - https:\/\/yoast.com\/wordpress\/plugins\/seo\/ -->\n<title>Pol\u00edtica de IMS - cmbe.com<\/title>\n<meta name=\"robots\" content=\"index, follow, max-snippet:-1, max-image-preview:large, max-video-preview:-1\" \/>\n<link rel=\"canonical\" href=\"https:\/\/cmbe.com\/ims-policy\/\" \/>\n<meta property=\"og:locale\" content=\"es_ES\" \/>\n<meta property=\"og:type\" content=\"article\" \/>\n<meta property=\"og:title\" content=\"Pol\u00edtica de IMS - cmbe.com\" \/>\n<meta property=\"og:description\" content=\"POL\u00cdTICA DEL SISTEMA INTEGRADO DE GESTI\u00d3N Todos los que formamos Carnaud Metalbox Engineering (CMbE ) estamos orgullosos de trabajar juntos para conseguir un negocio rentable, sostenible y \u00e9tico, manteniendo al mismo tiempo los m\u00e1s altos est\u00e1ndares de salud, seguridad, medio ambiente y calidad en todas nuestras actividades. El rendimiento seguro e innovador de CMbE y [&hellip;]\" \/>\n<meta property=\"og:url\" content=\"https:\/\/cmbe.com\/ims-policy\/\" \/>\n<meta property=\"og:site_name\" content=\"cmbe.com\" \/>\n<meta property=\"article:modified_time\" content=\"2026-04-26T13:14:14+00:00\" \/>\n<meta name=\"twitter:card\" content=\"summary_large_image\" \/>\n<meta name=\"twitter:label1\" content=\"Tiempo de lectura\" \/>\n\t<meta name=\"twitter:data1\" content=\"2 minutos\" \/>\n<script type=\"application\/ld+json\" class=\"yoast-schema-graph\">{\"@context\":\"https:\/\/schema.org\",\"@graph\":[{\"@type\":\"WebPage\",\"@id\":\"https:\/\/cmbe.com\/ims-policy\/\",\"url\":\"https:\/\/cmbe.com\/ims-policy\/\",\"name\":\"Pol\u00edtica de IMS - cmbe.com\",\"isPartOf\":{\"@id\":\"https:\/\/cmbe.com\/#website\"},\"datePublished\":\"2025-02-18T08:34:39+00:00\",\"dateModified\":\"2026-04-26T13:14:14+00:00\",\"breadcrumb\":{\"@id\":\"https:\/\/cmbe.com\/ims-policy\/#breadcrumb\"},\"inLanguage\":\"es\",\"potentialAction\":[{\"@type\":\"ReadAction\",\"target\":[\"https:\/\/cmbe.com\/ims-policy\/\"]}]},{\"@type\":\"BreadcrumbList\",\"@id\":\"https:\/\/cmbe.com\/ims-policy\/#breadcrumb\",\"itemListElement\":[{\"@type\":\"ListItem\",\"position\":1,\"name\":\"Home\",\"item\":\"https:\/\/cmbe.com\/\"},{\"@type\":\"ListItem\",\"position\":2,\"name\":\"Pol\u00edtica de IMS\"}]},{\"@type\":\"WebSite\",\"@id\":\"https:\/\/cmbe.com\/#website\",\"url\":\"https:\/\/cmbe.com\/\",\"name\":\"cmbe.com\",\"description\":\"\",\"potentialAction\":[{\"@type\":\"SearchAction\",\"target\":{\"@type\":\"EntryPoint\",\"urlTemplate\":\"https:\/\/cmbe.com\/?s={search_term_string}\"},\"query-input\":{\"@type\":\"PropertyValueSpecification\",\"valueRequired\":true,\"valueName\":\"search_term_string\"}}],\"inLanguage\":\"es\"}]}<\/script>\n<!-- \/ Yoast SEO plugin. -->","yoast_head_json":{"title":"Pol\u00edtica de IMS - cmbe.com","robots":{"index":"index","follow":"follow","max-snippet":"max-snippet:-1","max-image-preview":"max-image-preview:large","max-video-preview":"max-video-preview:-1"},"canonical":"https:\/\/cmbe.com\/ims-policy\/","og_locale":"es_ES","og_type":"article","og_title":"Pol\u00edtica de IMS - cmbe.com","og_description":"POL\u00cdTICA DEL SISTEMA INTEGRADO DE GESTI\u00d3N Todos los que formamos Carnaud Metalbox Engineering (CMbE ) estamos orgullosos de trabajar juntos para conseguir un negocio rentable, sostenible y \u00e9tico, manteniendo al mismo tiempo los m\u00e1s altos est\u00e1ndares de salud, seguridad, medio ambiente y calidad en todas nuestras actividades. El rendimiento seguro e innovador de CMbE y [&hellip;]","og_url":"https:\/\/cmbe.com\/ims-policy\/","og_site_name":"cmbe.com","article_modified_time":"2026-04-26T13:14:14+00:00","twitter_card":"summary_large_image","twitter_misc":{"Tiempo de lectura":"2 minutos"},"schema":{"@context":"https:\/\/schema.org","@graph":[{"@type":"WebPage","@id":"https:\/\/cmbe.com\/ims-policy\/","url":"https:\/\/cmbe.com\/ims-policy\/","name":"Pol\u00edtica de IMS - cmbe.com","isPartOf":{"@id":"https:\/\/cmbe.com\/#website"},"datePublished":"2025-02-18T08:34:39+00:00","dateModified":"2026-04-26T13:14:14+00:00","breadcrumb":{"@id":"https:\/\/cmbe.com\/ims-policy\/#breadcrumb"},"inLanguage":"es","potentialAction":[{"@type":"ReadAction","target":["https:\/\/cmbe.com\/ims-policy\/"]}]},{"@type":"BreadcrumbList","@id":"https:\/\/cmbe.com\/ims-policy\/#breadcrumb","itemListElement":[{"@type":"ListItem","position":1,"name":"Home","item":"https:\/\/cmbe.com\/"},{"@type":"ListItem","position":2,"name":"Pol\u00edtica de IMS"}]},{"@type":"WebSite","@id":"https:\/\/cmbe.com\/#website","url":"https:\/\/cmbe.com\/","name":"cmbe.com","description":"","potentialAction":[{"@type":"SearchAction","target":{"@type":"EntryPoint","urlTemplate":"https:\/\/cmbe.com\/?s={search_term_string}"},"query-input":{"@type":"PropertyValueSpecification","valueRequired":true,"valueName":"search_term_string"}}],"inLanguage":"es"}]}},"_links":{"self":[{"href":"https:\/\/cmbe.com\/es\/wp-json\/wp\/v2\/pages\/13643","targetHints":{"allow":["GET"]}}],"collection":[{"href":"https:\/\/cmbe.com\/es\/wp-json\/wp\/v2\/pages"}],"about":[{"href":"https:\/\/cmbe.com\/es\/wp-json\/wp\/v2\/types\/page"}],"author":[{"embeddable":true,"href":"https:\/\/cmbe.com\/es\/wp-json\/wp\/v2\/users\/21"}],"replies":[{"embeddable":true,"href":"https:\/\/cmbe.com\/es\/wp-json\/wp\/v2\/comments?post=13643"}],"version-history":[{"count":2,"href":"https:\/\/cmbe.com\/es\/wp-json\/wp\/v2\/pages\/13643\/revisions"}],"predecessor-version":[{"id":13648,"href":"https:\/\/cmbe.com\/es\/wp-json\/wp\/v2\/pages\/13643\/revisions\/13648"}],"wp:attachment":[{"href":"https:\/\/cmbe.com\/es\/wp-json\/wp\/v2\/media?parent=13643"}],"wp:term":[{"taxonomy":"category","embeddable":true,"href":"https:\/\/cmbe.com\/es\/wp-json\/wp\/v2\/categories?post=13643"},{"taxonomy":"post_tag","embeddable":true,"href":"https:\/\/cmbe.com\/es\/wp-json\/wp\/v2\/tags?post=13643"}],"curies":[{"name":"wp","href":"https:\/\/api.w.org\/{rel}","templated":true}]}}