{"id":13581,"date":"2025-05-12T07:52:19","date_gmt":"2025-05-12T07:52:19","guid":{"rendered":"https:\/\/cmbe.com\/declaration-daccessibilite\/"},"modified":"2026-04-22T04:39:11","modified_gmt":"2026-04-22T04:39:11","slug":"declaration-daccessibilite","status":"publish","type":"page","link":"https:\/\/cmbe.com\/fr\/declaration-daccessibilite\/","title":{"rendered":"D\u00e9claration d&rsquo;accessibilit\u00e9"},"content":{"rendered":"\t\t<div data-elementor-type=\"wp-page\" data-elementor-id=\"13581\" class=\"elementor elementor-13581 elementor-10771\" data-elementor-post-type=\"page\">\n\t\t\t\t<div class=\"elementor-element elementor-element-db49922 e-con-full e-flex e-con e-parent\" data-id=\"db49922\" data-element_type=\"container\">\n\t\t\t\t<div class=\"elementor-element elementor-element-ffb01cb elementor-widget elementor-widget-heading\" data-id=\"ffb01cb\" data-element_type=\"widget\" data-widget_type=\"heading.default\">\n\t\t\t\t\t<h1 class=\"elementor-heading-title elementor-size-default\">D\u00e9claration d'accessibilit\u00e9<\/h1>\t\t\t\t<\/div>\n\t\t\t\t<div class=\"elementor-element elementor-element-ea01af9 elementor-widget__width-initial elementor-widget-tablet__width-inherit elementor-widget elementor-widget-text-editor\" data-id=\"ea01af9\" data-element_type=\"widget\" data-widget_type=\"text-editor.default\">\n\t\t\t\t\t\t\t\t\t<p><strong style=\"text-align: start; font-size: 1rem;\">CarnaudMetalbox Engineering Ltd<\/strong><span style=\"text-align: start; font-size: 1rem;\">  s&rsquo;engage \u00e0 garantir l&rsquo;accessibilit\u00e9 num\u00e9rique aux personnes handicap\u00e9es. Nous am\u00e9liorons continuellement l&rsquo;exp\u00e9rience utilisateur pour tous et appliquons les normes d&rsquo;accessibilit\u00e9 pertinentes. <\/span><\/p>\n<p> <\/p>\n<p><\/p>\n<p><\/p>\n<h6><strong>\u00c9tat de conformit\u00e9<\/strong><\/h6>\n<p><\/p>\n<p>Les lignes directrices pour l&rsquo;accessibilit\u00e9 des contenus web (WCAG) d\u00e9finissent des exigences pour les concepteurs et les d\u00e9veloppeurs afin d&rsquo;am\u00e9liorer l&rsquo;accessibilit\u00e9 pour les personnes handicap\u00e9es. Elles d\u00e9finissent trois niveaux de conformit\u00e9 : Niveau A, Niveau AA et Niveau AAA. <\/p>\n<p><\/p>\n<p> <\/p>\n<p><strong>CarnaudMetalbox Engineering Ltd<\/strong> s&rsquo;efforce constamment d&rsquo;am\u00e9liorer l&rsquo;accessibilit\u00e9 de son site et de ses services, convaincu qu&rsquo;il est de notre obligation morale collective de permettre une utilisation transparente, accessible et sans entrave pour ceux d&rsquo;entre nous qui souffrent d&rsquo;un handicap.<\/p>\n<p><\/p>\n<p>Nous nous effor\u00e7ons de rendre accessibles toutes les pages et tous les contenus du site <strong>https:\/\/cmbe.com<\/strong>, mais il se peut que certains contenus ne r\u00e9pondent pas encore enti\u00e8rement aux normes d&rsquo;accessibilit\u00e9 les plus strictes. Cela peut \u00eatre d\u00fb \u00e0 des difficult\u00e9s \u00e0 identifier la solution technologique la plus appropri\u00e9e. <\/p>\n<p> <\/p>\n<p>Nous pouvons r\u00e9viser p\u00e9riodiquement la pr\u00e9sente d\u00e9claration pour refl\u00e9ter les am\u00e9liorations ou les changements apport\u00e9s \u00e0 nos pratiques en mati\u00e8re d&rsquo;accessibilit\u00e9.<\/p>\n<p><\/p>\n<p><\/p>\n<h6> <\/h6>\n<h6> <\/h6>\n<h6><strong>Retour d&rsquo;information<\/strong><\/h6>\n<p><\/p>\n<p>Vos commentaires sur l&rsquo;accessibilit\u00e9 du site web de <strong>CarnaudMetalbox Engineering Ltd<\/strong> sont les bienvenus. N&rsquo;h\u00e9sitez pas \u00e0 nous faire savoir si vous rencontrez des obstacles \u00e0 l&rsquo;accessibilit\u00e9 sur notre site web : <\/p>\n<p> <\/p>\n<p>E-mail : <strong>Caroline.SYMONDS@cmbe.co.uk<\/strong><\/p>\n<p><\/p>\n<p><\/p>\n<p> <\/p>\n<p>Nous nous effor\u00e7ons de r\u00e9pondre aux commentaires dans un d\u00e9lai de 3 \u00e0 5 jours ouvrables.<\/p>\n<p><\/p>\n<p><\/p>\t\t\t\t\t\t\t\t<\/div>\n\t\t\t\t<div class=\"elementor-element elementor-element-78fb66a elementor-widget__width-initial elementor-widget-tablet__width-inherit elementor-widget elementor-widget-text-editor\" data-id=\"78fb66a\" data-element_type=\"widget\" data-widget_type=\"text-editor.default\">\n\t\t\t\t\t\t\t\t\t<p>Cette d\u00e9claration a \u00e9t\u00e9 cr\u00e9\u00e9e le 12\/05\/2025.<\/p>\n<p><\/p>\n<p><\/p>\t\t\t\t\t\t\t\t<\/div>\n\t\t\t\t<\/div>\n\t\t\t\t<\/div>\n\t\t","protected":false},"excerpt":{"rendered":"<p>D\u00e9claration d&rsquo;accessibilit\u00e9 CarnaudMetalbox Engineering Ltd s&rsquo;engage \u00e0 garantir l&rsquo;accessibilit\u00e9 num\u00e9rique aux personnes handicap\u00e9es. Nous am\u00e9liorons continuellement l&rsquo;exp\u00e9rience utilisateur pour tous et appliquons les normes d&rsquo;accessibilit\u00e9 pertinentes. \u00c9tat de conformit\u00e9 Les lignes directrices pour l&rsquo;accessibilit\u00e9 des contenus web (WCAG) d\u00e9finissent des exigences pour les concepteurs et les d\u00e9veloppeurs afin d&rsquo;am\u00e9liorer l&rsquo;accessibilit\u00e9 pour les personnes handicap\u00e9es. Elles [&hellip;]<\/p>\n","protected":false},"author":21,"featured_media":0,"parent":0,"menu_order":0,"comment_status":"closed","ping_status":"closed","template":"","meta":{"footnotes":""},"categories":[],"tags":[],"class_list":["post-13581","page","type-page","status-publish","hentry"],"yoast_head":"<!-- This site is optimized with the Yoast SEO plugin v25.8 - https:\/\/yoast.com\/wordpress\/plugins\/seo\/ -->\n<title>D\u00e9claration d&#039;accessibilit\u00e9 - cmbe.com<\/title>\n<meta name=\"robots\" content=\"index, follow, max-snippet:-1, max-image-preview:large, max-video-preview:-1\" \/>\n<link rel=\"canonical\" href=\"https:\/\/cmbe.com\/accessibility-statement\/\" \/>\n<meta property=\"og:locale\" content=\"fr_FR\" \/>\n<meta property=\"og:type\" content=\"article\" \/>\n<meta property=\"og:title\" content=\"D\u00e9claration d&#039;accessibilit\u00e9 - cmbe.com\" \/>\n<meta property=\"og:description\" content=\"D\u00e9claration d&rsquo;accessibilit\u00e9 CarnaudMetalbox Engineering Ltd s&rsquo;engage \u00e0 garantir l&rsquo;accessibilit\u00e9 num\u00e9rique aux personnes handicap\u00e9es. Nous am\u00e9liorons continuellement l&rsquo;exp\u00e9rience utilisateur pour tous et appliquons les normes d&rsquo;accessibilit\u00e9 pertinentes. \u00c9tat de conformit\u00e9 Les lignes directrices pour l&rsquo;accessibilit\u00e9 des contenus web (WCAG) d\u00e9finissent des exigences pour les concepteurs et les d\u00e9veloppeurs afin d&rsquo;am\u00e9liorer l&rsquo;accessibilit\u00e9 pour les personnes handicap\u00e9es. Elles [&hellip;]\" \/>\n<meta property=\"og:url\" content=\"https:\/\/cmbe.com\/accessibility-statement\/\" \/>\n<meta property=\"og:site_name\" content=\"cmbe.com\" \/>\n<meta property=\"article:modified_time\" content=\"2026-04-22T04:39:11+00:00\" \/>\n<meta name=\"twitter:card\" content=\"summary_large_image\" \/>\n<meta name=\"twitter:label1\" content=\"Dur\u00e9e de lecture estim\u00e9e\" \/>\n\t<meta name=\"twitter:data1\" content=\"1 minute\" \/>\n<script type=\"application\/ld+json\" class=\"yoast-schema-graph\">{\"@context\":\"https:\/\/schema.org\",\"@graph\":[{\"@type\":\"WebPage\",\"@id\":\"https:\/\/cmbe.com\/accessibility-statement\/\",\"url\":\"https:\/\/cmbe.com\/accessibility-statement\/\",\"name\":\"D\u00e9claration d'accessibilit\u00e9 - cmbe.com\",\"isPartOf\":{\"@id\":\"https:\/\/cmbe.com\/#website\"},\"datePublished\":\"2025-05-12T07:52:19+00:00\",\"dateModified\":\"2026-04-22T04:39:11+00:00\",\"breadcrumb\":{\"@id\":\"https:\/\/cmbe.com\/accessibility-statement\/#breadcrumb\"},\"inLanguage\":\"fr-FR\",\"potentialAction\":[{\"@type\":\"ReadAction\",\"target\":[\"https:\/\/cmbe.com\/accessibility-statement\/\"]}]},{\"@type\":\"BreadcrumbList\",\"@id\":\"https:\/\/cmbe.com\/accessibility-statement\/#breadcrumb\",\"itemListElement\":[{\"@type\":\"ListItem\",\"position\":1,\"name\":\"Home\",\"item\":\"https:\/\/cmbe.com\/\"},{\"@type\":\"ListItem\",\"position\":2,\"name\":\"D\u00e9claration d&#8217;accessibilit\u00e9\"}]},{\"@type\":\"WebSite\",\"@id\":\"https:\/\/cmbe.com\/#website\",\"url\":\"https:\/\/cmbe.com\/\",\"name\":\"cmbe.com\",\"description\":\"\",\"potentialAction\":[{\"@type\":\"SearchAction\",\"target\":{\"@type\":\"EntryPoint\",\"urlTemplate\":\"https:\/\/cmbe.com\/?s={search_term_string}\"},\"query-input\":{\"@type\":\"PropertyValueSpecification\",\"valueRequired\":true,\"valueName\":\"search_term_string\"}}],\"inLanguage\":\"fr-FR\"}]}<\/script>\n<!-- \/ Yoast SEO plugin. -->","yoast_head_json":{"title":"D\u00e9claration d'accessibilit\u00e9 - cmbe.com","robots":{"index":"index","follow":"follow","max-snippet":"max-snippet:-1","max-image-preview":"max-image-preview:large","max-video-preview":"max-video-preview:-1"},"canonical":"https:\/\/cmbe.com\/accessibility-statement\/","og_locale":"fr_FR","og_type":"article","og_title":"D\u00e9claration d'accessibilit\u00e9 - cmbe.com","og_description":"D\u00e9claration d&rsquo;accessibilit\u00e9 CarnaudMetalbox Engineering Ltd s&rsquo;engage \u00e0 garantir l&rsquo;accessibilit\u00e9 num\u00e9rique aux personnes handicap\u00e9es. Nous am\u00e9liorons continuellement l&rsquo;exp\u00e9rience utilisateur pour tous et appliquons les normes d&rsquo;accessibilit\u00e9 pertinentes. \u00c9tat de conformit\u00e9 Les lignes directrices pour l&rsquo;accessibilit\u00e9 des contenus web (WCAG) d\u00e9finissent des exigences pour les concepteurs et les d\u00e9veloppeurs afin d&rsquo;am\u00e9liorer l&rsquo;accessibilit\u00e9 pour les personnes handicap\u00e9es. Elles [&hellip;]","og_url":"https:\/\/cmbe.com\/accessibility-statement\/","og_site_name":"cmbe.com","article_modified_time":"2026-04-22T04:39:11+00:00","twitter_card":"summary_large_image","twitter_misc":{"Dur\u00e9e de lecture estim\u00e9e":"1 minute"},"schema":{"@context":"https:\/\/schema.org","@graph":[{"@type":"WebPage","@id":"https:\/\/cmbe.com\/accessibility-statement\/","url":"https:\/\/cmbe.com\/accessibility-statement\/","name":"D\u00e9claration d'accessibilit\u00e9 - cmbe.com","isPartOf":{"@id":"https:\/\/cmbe.com\/#website"},"datePublished":"2025-05-12T07:52:19+00:00","dateModified":"2026-04-22T04:39:11+00:00","breadcrumb":{"@id":"https:\/\/cmbe.com\/accessibility-statement\/#breadcrumb"},"inLanguage":"fr-FR","potentialAction":[{"@type":"ReadAction","target":["https:\/\/cmbe.com\/accessibility-statement\/"]}]},{"@type":"BreadcrumbList","@id":"https:\/\/cmbe.com\/accessibility-statement\/#breadcrumb","itemListElement":[{"@type":"ListItem","position":1,"name":"Home","item":"https:\/\/cmbe.com\/"},{"@type":"ListItem","position":2,"name":"D\u00e9claration d&#8217;accessibilit\u00e9"}]},{"@type":"WebSite","@id":"https:\/\/cmbe.com\/#website","url":"https:\/\/cmbe.com\/","name":"cmbe.com","description":"","potentialAction":[{"@type":"SearchAction","target":{"@type":"EntryPoint","urlTemplate":"https:\/\/cmbe.com\/?s={search_term_string}"},"query-input":{"@type":"PropertyValueSpecification","valueRequired":true,"valueName":"search_term_string"}}],"inLanguage":"fr-FR"}]}},"_links":{"self":[{"href":"https:\/\/cmbe.com\/fr\/wp-json\/wp\/v2\/pages\/13581","targetHints":{"allow":["GET"]}}],"collection":[{"href":"https:\/\/cmbe.com\/fr\/wp-json\/wp\/v2\/pages"}],"about":[{"href":"https:\/\/cmbe.com\/fr\/wp-json\/wp\/v2\/types\/page"}],"author":[{"embeddable":true,"href":"https:\/\/cmbe.com\/fr\/wp-json\/wp\/v2\/users\/21"}],"replies":[{"embeddable":true,"href":"https:\/\/cmbe.com\/fr\/wp-json\/wp\/v2\/comments?post=13581"}],"version-history":[{"count":2,"href":"https:\/\/cmbe.com\/fr\/wp-json\/wp\/v2\/pages\/13581\/revisions"}],"predecessor-version":[{"id":13585,"href":"https:\/\/cmbe.com\/fr\/wp-json\/wp\/v2\/pages\/13581\/revisions\/13585"}],"wp:attachment":[{"href":"https:\/\/cmbe.com\/fr\/wp-json\/wp\/v2\/media?parent=13581"}],"wp:term":[{"taxonomy":"category","embeddable":true,"href":"https:\/\/cmbe.com\/fr\/wp-json\/wp\/v2\/categories?post=13581"},{"taxonomy":"post_tag","embeddable":true,"href":"https:\/\/cmbe.com\/fr\/wp-json\/wp\/v2\/tags?post=13581"}],"curies":[{"name":"wp","href":"https:\/\/api.w.org\/{rel}","templated":true}]}}