{"id":13634,"date":"2025-02-18T08:34:39","date_gmt":"2025-02-18T08:34:39","guid":{"rendered":"https:\/\/cmbe.com\/politique-de-lims\/"},"modified":"2026-04-26T13:14:14","modified_gmt":"2026-04-26T13:14:14","slug":"politique-de-lims","status":"publish","type":"page","link":"https:\/\/cmbe.com\/fr\/politique-de-lims\/","title":{"rendered":"Politique de l&rsquo;IMS"},"content":{"rendered":"\t\t<div data-elementor-type=\"wp-page\" data-elementor-id=\"13634\" class=\"elementor elementor-13634 elementor-9582\" data-elementor-post-type=\"page\">\n\t\t\t\t<div class=\"elementor-element elementor-element-722a160 e-con-full e-flex e-con e-parent\" data-id=\"722a160\" data-element_type=\"container\">\n\t\t<div class=\"elementor-element elementor-element-f255aba e-con-full e-flex e-con e-child\" data-id=\"f255aba\" data-element_type=\"container\">\n\t\t\t\t<div class=\"elementor-element elementor-element-4e67798 elementor-widget elementor-widget-heading\" data-id=\"4e67798\" data-element_type=\"widget\" data-widget_type=\"heading.default\">\n\t\t\t\t\t<h2 class=\"elementor-heading-title elementor-size-default\">POLITIQUE DU SYST\u00c8ME DE GESTION INT\u00c9GR\u00c9<\/h2>\t\t\t\t<\/div>\n\t\t\t\t<div class=\"elementor-element elementor-element-3344c44 elementor-widget__width-inherit elementor-widget elementor-widget-text-editor\" data-id=\"3344c44\" data-element_type=\"widget\" data-widget_type=\"text-editor.default\">\n\t\t\t\t\t\t\t\t\t<p class=\"p1\">Chez <b>Carnaud Metalbox Engineering (CMbE)<\/b>, nous sommes tous fiers de travailler ensemble pour r\u00e9aliser une <span style=\"text-align: var(--text-align);\">activit\u00e9  rentable, durable et \u00e9thique, tout en maintenant les normes les plus \u00e9lev\u00e9es en mati\u00e8re de sant\u00e9, de s\u00e9curit\u00e9, d&rsquo;environnement et de protection de l&rsquo;environnement. <\/span> <span style=\"text-align: var(--text-align);\">la qualit\u00e9 dans toutes nos activit\u00e9s. La performance s\u00fbre, s\u00e9curis\u00e9e et innovante des   <\/span><b style=\"text-align: var(--text-align);\">CMbE<\/b><span style=\"text-align: var(--text-align);\"> et de nos fournisseurs est <\/span><span style=\"text-align: var(--text-align);\">est essentiel pour tous ceux qui travaillent pour l&rsquo;entreprise, nos clients, notre communaut\u00e9 et, en fin de compte, pour le succ\u00e8s de notre entreprise. <\/span> <span style=\"text-align: var(--text-align);\">entreprise. Ici, \u00e0   <\/span><b style=\"text-align: var(--text-align);\">CMbE<\/b><span style=\"text-align: var(--text-align);\"> nous concevons et fabriquons des machines de haute qualit\u00e9 pour l&rsquo;industrie de la fabrication de bo\u00eetes de conserve, <\/span> <span style=\"text-align: var(--text-align);\">y compris l&rsquo;entretien, la formation et la fourniture de pi\u00e8ces de rechange. L&rsquo;\u00e9quipe de direction s&rsquo;engage \u00e0   <\/span><span style=\"text-align: var(--text-align);\">la poursuite de l&rsquo;int\u00e9gration des syst\u00e8mes de gestion de la sant\u00e9, de la s\u00e9curit\u00e9, de l&rsquo;environnement et de la qualit\u00e9.  <\/span><\/p><p class=\"p1\"><span style=\"text-align: var(--text-align);\"> <\/span><\/p><p class=\"p1\"><span style=\"text-align: var(--text-align);\">Nous nous engageons \u00e0 :<\/span><\/p><p class=\"p1\"><span class=\"s1\" style=\"text-align: var(--text-align);\">\u2713<\/span><span style=\"text-align: var(--text-align);\"> \u00c9liminer les dangers et r\u00e9duire les risques en mati\u00e8re de sant\u00e9 et de s\u00e9curit\u00e9 au travail afin de pr\u00e9venir les incidents, les blessures, <\/span><span style=\"text-align: var(--text-align);\">les blessures, les probl\u00e8mes de sant\u00e9 et la pollution ;<\/span><\/p><p class=\"p1\"><span class=\"s1\">\u2713<\/span> Prot\u00e9ger l&rsquo;environnement en minimisant notre impact sur l&rsquo;environnement ;<\/p><p class=\"p1\"><span class=\"s1\">\u2713<\/span> Rechercher l&rsquo;excellence dans tout ce que nous faisons ;<\/p><p class=\"p1\">\u2713 <span class=\"s1\">S<\/span> e conformer \u00e0 toutes les exigences l\u00e9gales, r\u00e9glementaires et convenues avec les parties prenantes ;<\/p><p class=\"p1\"><span class=\"s1\">\u2713<\/span> Concentrez-vous sur la valeur ajout\u00e9e \u00e0 l&rsquo;activit\u00e9 du client ;<\/p><p class=\"p1\"><span class=\"s1\">\u2713<\/span> Promouvoir la sant\u00e9 et le bien-\u00eatre de notre personnel et offrir un environnement qui rend le <span style=\"text-align: var(--text-align);\">travail \u00e0 la fois agr\u00e9able et gratifiant ;<\/span><\/p><p class=\"p1\"><span class=\"s1\">\u2713<\/span> Am\u00e9lioration continue des performances dans l&rsquo;ensemble de nos activit\u00e9s en fixant des objectifs, des cibles, des <span style=\"text-align: var(--text-align);\">formations et en adoptant des pratiques optimales coh\u00e9rentes<\/span>; <\/p><p class=\"p1\"><span class=\"s1\">\u2713<\/span> Travailler en partenariat de mani\u00e8re responsable avec toutes les parties prenantes internes et externes afin de garantir que notre politique <span style=\"text-align: var(--text-align);\">et nos attentes sont int\u00e9gr\u00e9es dans toutes nos activit\u00e9s ;<\/span><\/p><p class=\"p1\"><span class=\"s1\">\u2713<\/span> Consultation et participation des travailleurs et de leurs repr\u00e9sentants ;<\/p><p class=\"p1\"><span class=\"s1\">\u2713<\/span> Fournir une formation appropri\u00e9e \u00e0 l&rsquo;ensemble du personnel ;<\/p><p class=\"p1\">\u2713 <span class=\"s1\">S<\/span> &lsquo;engager \u00e0 faire du d\u00e9veloppement des apprentis une partie int\u00e9grante de nos activit\u00e9s futures ;<\/p><p class=\"p1\"><span class=\"s1\">\u2713<\/span> Veiller \u00e0 ce que les ressources soient ad\u00e9quates et suffisantes pour atteindre nos objectifs ;<\/p><p class=\"p1\"><span class=\"s1\">\u2713<\/span> Innover nos produits et services, en tenant compte des risques, des opportunit\u00e9s et des implications ;<\/p><p class=\"p1\"><span class=\"s1\">\u2713<\/span> Travailler pour d\u00e9passer les exigences des normes ISO 9001:2015, ISO 14001:2015 et ISO 45001:2018 ;<\/p><p class=\"p1\"><span class=\"s1\">\u2713<\/span> R\u00e9viser r\u00e9guli\u00e8rement cette politique pour s&rsquo;assurer qu&rsquo;elle reste adapt\u00e9e et que son contenu <span style=\"text-align: var(--text-align);\">est communiqu\u00e9 \u00e0 toutes les parties int\u00e9ress\u00e9es et compris au sein de l&rsquo;entreprise.<\/span><\/p>\t\t\t\t\t\t\t\t<\/div>\n\t\t\t\t<div class=\"elementor-element elementor-element-29da8d5 elementor-widget-divider--view-line elementor-widget elementor-widget-divider\" data-id=\"29da8d5\" data-element_type=\"widget\" data-widget_type=\"divider.default\">\n\t\t\t\t\t\t\t<div class=\"elementor-divider\">\n\t\t\t<span class=\"elementor-divider-separator\">\n\t\t\t\t\t\t<\/span>\n\t\t<\/div>\n\t\t\t\t\t\t<\/div>\n\t\t<div class=\"elementor-element elementor-element-3781078 e-con-full e-flex e-con e-child\" data-id=\"3781078\" data-element_type=\"container\">\n\t\t\t\t<div class=\"elementor-element elementor-element-5c595d6 elementor-widget__width-initial elementor-widget elementor-widget-heading\" data-id=\"5c595d6\" data-element_type=\"widget\" data-widget_type=\"heading.default\">\n\t\t\t\t\t<h2 class=\"elementor-heading-title elementor-size-default\"><p style=\"margin: 0px;font-size: 11.5px;line-height: normal;font-family: Arial\"><b>Pr\u00e9par\u00e9 par : <\/b><span style=\"font-weight: 400\">V Baines-Jone <\/span><\/p><p style=\"margin: 0px;font-size: 11.5px;line-height: normal;font-family: Arial\"><span style=\"text-align: var(--text-align)\">Approuv\u00e9 par : <\/span><span style=\"text-align: var(--text-align);font-weight: 400\">Andrew Truelove<\/span><span style=\"color: var( --e-global-color-primary );font-family: var( --e-global-typography-primary-font-family ), Sans-serif;font-size: 2rem;font-weight: var( --e-global-typography-primary-font-weight );text-align: var(--text-align)\"><\/span><\/p><\/h2>\t\t\t\t<\/div>\n\t\t\t\t<div class=\"elementor-element elementor-element-a6a3d8b elementor-widget__width-initial elementor-widget elementor-widget-heading\" data-id=\"a6a3d8b\" data-element_type=\"widget\" data-widget_type=\"heading.default\">\n\t\t\t\t\t<h2 class=\"elementor-heading-title elementor-size-default\"><p style=\"margin: 0px;font-weight: 400;font-size: 11.5px;line-height: normal;font-family: Arial\"><b style=\"text-align: var(--text-align)\">Num\u00e9ro : <\/b><span style=\"text-align: var(--text-align)\">11.0 <\/span><span style=\"color: var( --e-global-color-primary );font-family: var( --e-global-typography-primary-font-family ), Sans-serif;font-size: 2rem;font-weight: var( --e-global-typography-primary-font-weight );text-align: var(--text-align)\"><\/span><\/p><\/h2>\t\t\t\t<\/div>\n\t\t\t\t<div class=\"elementor-element elementor-element-17e6b7f elementor-widget__width-initial elementor-widget elementor-widget-heading\" data-id=\"17e6b7f\" data-element_type=\"widget\" data-widget_type=\"heading.default\">\n\t\t\t\t\t<h2 class=\"elementor-heading-title elementor-size-default\"><p style=\"margin: 0px;font-weight: 400;font-size: 11.5px;line-height: normal;font-family: Arial\"><b style=\"text-align: var(--text-align)\">Date : <\/b><span style=\"text-align: var(--text-align)\">12 Feb 2025<\/span><span style=\"color: var( --e-global-color-primary );font-family: var( --e-global-typography-primary-font-family ), Sans-serif;font-size: 2rem;font-weight: var( --e-global-typography-primary-font-weight );text-align: var(--text-align)\"><\/span><\/p><\/h2>\t\t\t\t<\/div>\n\t\t\t\t<\/div>\n\t\t\t\t<\/div>\n\t\t\t\t<\/div>\n\t\t\t\t<\/div>\n\t\t","protected":false},"excerpt":{"rendered":"<p>POLITIQUE DU SYST\u00c8ME DE GESTION INT\u00c9GR\u00c9 Chez Carnaud Metalbox Engineering (CMbE), nous sommes tous fiers de travailler ensemble pour r\u00e9aliser une activit\u00e9 rentable, durable et \u00e9thique, tout en maintenant les normes les plus \u00e9lev\u00e9es en mati\u00e8re de sant\u00e9, de s\u00e9curit\u00e9, d&rsquo;environnement et de protection de l&rsquo;environnement. la qualit\u00e9 dans toutes nos activit\u00e9s. La performance s\u00fbre, [&hellip;]<\/p>\n","protected":false},"author":21,"featured_media":0,"parent":0,"menu_order":0,"comment_status":"closed","ping_status":"closed","template":"","meta":{"footnotes":""},"categories":[],"tags":[],"class_list":["post-13634","page","type-page","status-publish","hentry"],"yoast_head":"<!-- This site is optimized with the Yoast SEO plugin v25.8 - https:\/\/yoast.com\/wordpress\/plugins\/seo\/ -->\n<title>Politique de l&#039;IMS - cmbe.com<\/title>\n<meta name=\"robots\" content=\"index, follow, max-snippet:-1, max-image-preview:large, max-video-preview:-1\" \/>\n<link rel=\"canonical\" href=\"https:\/\/cmbe.com\/ims-policy\/\" \/>\n<meta property=\"og:locale\" content=\"fr_FR\" \/>\n<meta property=\"og:type\" content=\"article\" \/>\n<meta property=\"og:title\" content=\"Politique de l&#039;IMS - cmbe.com\" \/>\n<meta property=\"og:description\" content=\"POLITIQUE DU SYST\u00c8ME DE GESTION INT\u00c9GR\u00c9 Chez Carnaud Metalbox Engineering (CMbE), nous sommes tous fiers de travailler ensemble pour r\u00e9aliser une activit\u00e9 rentable, durable et \u00e9thique, tout en maintenant les normes les plus \u00e9lev\u00e9es en mati\u00e8re de sant\u00e9, de s\u00e9curit\u00e9, d&rsquo;environnement et de protection de l&rsquo;environnement. la qualit\u00e9 dans toutes nos activit\u00e9s. La performance s\u00fbre, [&hellip;]\" \/>\n<meta property=\"og:url\" content=\"https:\/\/cmbe.com\/ims-policy\/\" \/>\n<meta property=\"og:site_name\" content=\"cmbe.com\" \/>\n<meta property=\"article:modified_time\" content=\"2026-04-26T13:14:14+00:00\" \/>\n<meta name=\"twitter:card\" content=\"summary_large_image\" \/>\n<meta name=\"twitter:label1\" content=\"Dur\u00e9e de lecture estim\u00e9e\" \/>\n\t<meta name=\"twitter:data1\" content=\"2 minutes\" \/>\n<script type=\"application\/ld+json\" class=\"yoast-schema-graph\">{\"@context\":\"https:\/\/schema.org\",\"@graph\":[{\"@type\":\"WebPage\",\"@id\":\"https:\/\/cmbe.com\/ims-policy\/\",\"url\":\"https:\/\/cmbe.com\/ims-policy\/\",\"name\":\"Politique de l'IMS - cmbe.com\",\"isPartOf\":{\"@id\":\"https:\/\/cmbe.com\/#website\"},\"datePublished\":\"2025-02-18T08:34:39+00:00\",\"dateModified\":\"2026-04-26T13:14:14+00:00\",\"breadcrumb\":{\"@id\":\"https:\/\/cmbe.com\/ims-policy\/#breadcrumb\"},\"inLanguage\":\"fr-FR\",\"potentialAction\":[{\"@type\":\"ReadAction\",\"target\":[\"https:\/\/cmbe.com\/ims-policy\/\"]}]},{\"@type\":\"BreadcrumbList\",\"@id\":\"https:\/\/cmbe.com\/ims-policy\/#breadcrumb\",\"itemListElement\":[{\"@type\":\"ListItem\",\"position\":1,\"name\":\"Home\",\"item\":\"https:\/\/cmbe.com\/\"},{\"@type\":\"ListItem\",\"position\":2,\"name\":\"Politique de l&#8217;IMS\"}]},{\"@type\":\"WebSite\",\"@id\":\"https:\/\/cmbe.com\/#website\",\"url\":\"https:\/\/cmbe.com\/\",\"name\":\"cmbe.com\",\"description\":\"\",\"potentialAction\":[{\"@type\":\"SearchAction\",\"target\":{\"@type\":\"EntryPoint\",\"urlTemplate\":\"https:\/\/cmbe.com\/?s={search_term_string}\"},\"query-input\":{\"@type\":\"PropertyValueSpecification\",\"valueRequired\":true,\"valueName\":\"search_term_string\"}}],\"inLanguage\":\"fr-FR\"}]}<\/script>\n<!-- \/ Yoast SEO plugin. -->","yoast_head_json":{"title":"Politique de l'IMS - cmbe.com","robots":{"index":"index","follow":"follow","max-snippet":"max-snippet:-1","max-image-preview":"max-image-preview:large","max-video-preview":"max-video-preview:-1"},"canonical":"https:\/\/cmbe.com\/ims-policy\/","og_locale":"fr_FR","og_type":"article","og_title":"Politique de l'IMS - cmbe.com","og_description":"POLITIQUE DU SYST\u00c8ME DE GESTION INT\u00c9GR\u00c9 Chez Carnaud Metalbox Engineering (CMbE), nous sommes tous fiers de travailler ensemble pour r\u00e9aliser une activit\u00e9 rentable, durable et \u00e9thique, tout en maintenant les normes les plus \u00e9lev\u00e9es en mati\u00e8re de sant\u00e9, de s\u00e9curit\u00e9, d&rsquo;environnement et de protection de l&rsquo;environnement. la qualit\u00e9 dans toutes nos activit\u00e9s. La performance s\u00fbre, [&hellip;]","og_url":"https:\/\/cmbe.com\/ims-policy\/","og_site_name":"cmbe.com","article_modified_time":"2026-04-26T13:14:14+00:00","twitter_card":"summary_large_image","twitter_misc":{"Dur\u00e9e de lecture estim\u00e9e":"2 minutes"},"schema":{"@context":"https:\/\/schema.org","@graph":[{"@type":"WebPage","@id":"https:\/\/cmbe.com\/ims-policy\/","url":"https:\/\/cmbe.com\/ims-policy\/","name":"Politique de l'IMS - cmbe.com","isPartOf":{"@id":"https:\/\/cmbe.com\/#website"},"datePublished":"2025-02-18T08:34:39+00:00","dateModified":"2026-04-26T13:14:14+00:00","breadcrumb":{"@id":"https:\/\/cmbe.com\/ims-policy\/#breadcrumb"},"inLanguage":"fr-FR","potentialAction":[{"@type":"ReadAction","target":["https:\/\/cmbe.com\/ims-policy\/"]}]},{"@type":"BreadcrumbList","@id":"https:\/\/cmbe.com\/ims-policy\/#breadcrumb","itemListElement":[{"@type":"ListItem","position":1,"name":"Home","item":"https:\/\/cmbe.com\/"},{"@type":"ListItem","position":2,"name":"Politique de l&#8217;IMS"}]},{"@type":"WebSite","@id":"https:\/\/cmbe.com\/#website","url":"https:\/\/cmbe.com\/","name":"cmbe.com","description":"","potentialAction":[{"@type":"SearchAction","target":{"@type":"EntryPoint","urlTemplate":"https:\/\/cmbe.com\/?s={search_term_string}"},"query-input":{"@type":"PropertyValueSpecification","valueRequired":true,"valueName":"search_term_string"}}],"inLanguage":"fr-FR"}]}},"_links":{"self":[{"href":"https:\/\/cmbe.com\/fr\/wp-json\/wp\/v2\/pages\/13634","targetHints":{"allow":["GET"]}}],"collection":[{"href":"https:\/\/cmbe.com\/fr\/wp-json\/wp\/v2\/pages"}],"about":[{"href":"https:\/\/cmbe.com\/fr\/wp-json\/wp\/v2\/types\/page"}],"author":[{"embeddable":true,"href":"https:\/\/cmbe.com\/fr\/wp-json\/wp\/v2\/users\/21"}],"replies":[{"embeddable":true,"href":"https:\/\/cmbe.com\/fr\/wp-json\/wp\/v2\/comments?post=13634"}],"version-history":[{"count":2,"href":"https:\/\/cmbe.com\/fr\/wp-json\/wp\/v2\/pages\/13634\/revisions"}],"predecessor-version":[{"id":13638,"href":"https:\/\/cmbe.com\/fr\/wp-json\/wp\/v2\/pages\/13634\/revisions\/13638"}],"wp:attachment":[{"href":"https:\/\/cmbe.com\/fr\/wp-json\/wp\/v2\/media?parent=13634"}],"wp:term":[{"taxonomy":"category","embeddable":true,"href":"https:\/\/cmbe.com\/fr\/wp-json\/wp\/v2\/categories?post=13634"},{"taxonomy":"post_tag","embeddable":true,"href":"https:\/\/cmbe.com\/fr\/wp-json\/wp\/v2\/tags?post=13634"}],"curies":[{"name":"wp","href":"https:\/\/api.w.org\/{rel}","templated":true}]}}