{"id":13661,"date":"2025-02-24T09:14:42","date_gmt":"2025-02-24T09:14:42","guid":{"rendered":"https:\/\/cmbe.com\/plan-du-site\/"},"modified":"2026-04-24T07:28:56","modified_gmt":"2026-04-24T07:28:56","slug":"plan-du-site","status":"publish","type":"page","link":"https:\/\/cmbe.com\/fr\/plan-du-site\/","title":{"rendered":"Plan du site"},"content":{"rendered":"\t\t<div data-elementor-type=\"wp-page\" data-elementor-id=\"13661\" class=\"elementor elementor-13661 elementor-9620\" data-elementor-post-type=\"page\">\n\t\t\t\t<div class=\"elementor-element elementor-element-d506337 e-flex e-con-boxed e-con e-parent\" data-id=\"d506337\" data-element_type=\"container\">\n\t\t\t\t\t<div class=\"e-con-inner\">\n\t\t\t\t<div class=\"elementor-element elementor-element-e286600 elementor-widget elementor-widget-sitemap\" data-id=\"e286600\" data-element_type=\"widget\" data-widget_type=\"sitemap.default\">\n\t\t\t\t\t<div class=\"elementor-sitemap-wrap\"><div class=\"elementor-sitemap-section\"><h2 class=\"elementor-sitemap-title elementor-sitemap-page-title\">Products<\/h2><ul class=\"elementor-sitemap-list elementor-sitemap-page-list\"><li class=\"elementor-sitemap-item elementor-sitemap-item-page page_item page-item-13735\"><a href=\"https:\/\/cmbe.com\/fr\/blogs\/\">Blogs<\/a><\/li><li class=\"elementor-sitemap-item elementor-sitemap-item-page page_item page-item-13581\"><a href=\"https:\/\/cmbe.com\/fr\/declaration-daccessibilite\/\">D\u00e9claration d&rsquo;accessibilit\u00e9<\/a><\/li><li class=\"elementor-sitemap-item elementor-sitemap-item-page page_item page-item-13608\"><a href=\"https:\/\/cmbe.com\/fr\/\">Fabrication de bo\u00eetes &#8211; Accueil<\/a><\/li><li class=\"elementor-sitemap-item elementor-sitemap-item-page page_item page-item-13717\"><a href=\"https:\/\/cmbe.com\/fr\/videos\/\">Vid\u00e9os<\/a><\/li><li class=\"elementor-sitemap-item elementor-sitemap-item-page page_item page-item-6610\"><a href=\"https:\/\/cmbe.com\/fr\/produits\/decorateur-de-produits\/\">D\u00e9corateur de produits<\/a><\/li><li class=\"elementor-sitemap-item elementor-sitemap-item-page page_item page-item-6745\"><a href=\"https:\/\/cmbe.com\/fr\/produits\/machine-a-formater-et-a-pulveriser-les-produits\/\">Machine \u00e0 formater et \u00e0 pulv\u00e9riser les produits<\/a><\/li><li class=\"elementor-sitemap-item elementor-sitemap-item-page page_item page-item-6563\"><a href=\"https:\/\/cmbe.com\/fr\/produits\/product-bodymaker\/\">Product-Bodymaker<\/a><\/li><li class=\"elementor-sitemap-item elementor-sitemap-item-page page_item page-item-6586\"><a href=\"https:\/\/cmbe.com\/fr\/produits\/produit-trimmer\/\">Produit &#8211; Trimmer<\/a><\/li><li class=\"elementor-sitemap-item elementor-sitemap-item-page page_item page-item-6585\"><a href=\"https:\/\/cmbe.com\/fr\/produits\/produit-canonnier\/\">Produit-canonnier<\/a><\/li><li class=\"elementor-sitemap-item elementor-sitemap-item-page page_item page-item-6564\"><a href=\"https:\/\/cmbe.com\/fr\/produits\/produit-cupping-press\/\">Produit-Cupping-press<\/a><\/li><li class=\"elementor-sitemap-item elementor-sitemap-item-page page_item page-item-6744\"><a href=\"https:\/\/cmbe.com\/fr\/produits\/produit-die-necker\/\">Produit-Die-necker<\/a><\/li><li class=\"elementor-sitemap-item elementor-sitemap-item-page page_item page-item-6955\"><a href=\"https:\/\/cmbe.com\/fr\/produits\/produit-dieset\/\">Produit-Dieset<\/a><\/li><li class=\"elementor-sitemap-item elementor-sitemap-item-page page_item page-item-6631\"><a href=\"https:\/\/cmbe.com\/fr\/produits\/produit-lacquer-spray-machine\/\">Produit-Lacquer-Spray-Machine<\/a><\/li><li class=\"elementor-sitemap-item elementor-sitemap-item-page page_item page-item-6607\"><a href=\"https:\/\/cmbe.com\/fr\/produits\/station-delagage-de-produits\/\">Station d&rsquo;\u00e9lagage de produits<\/a><\/li><\/ul><\/div><\/div>\t\t\t\t<\/div>\n\t\t\t\t\t<\/div>\n\t\t\t\t<\/div>\n\t\t\t\t<\/div>\n\t\t","protected":false},"excerpt":{"rendered":"","protected":false},"author":2,"featured_media":0,"parent":0,"menu_order":0,"comment_status":"closed","ping_status":"closed","template":"","meta":{"footnotes":""},"categories":[],"tags":[],"class_list":["post-13661","page","type-page","status-publish","hentry"],"yoast_head":"<!-- This site is optimized with the Yoast SEO plugin v25.8 - https:\/\/yoast.com\/wordpress\/plugins\/seo\/ -->\n<title>Plan du site - cmbe.com<\/title>\n<meta name=\"robots\" content=\"index, follow, max-snippet:-1, max-image-preview:large, max-video-preview:-1\" \/>\n<link rel=\"canonical\" href=\"https:\/\/cmbe.com\/sitemap\/\" \/>\n<meta property=\"og:locale\" content=\"fr_FR\" \/>\n<meta property=\"og:type\" content=\"article\" \/>\n<meta property=\"og:title\" content=\"Plan du site - cmbe.com\" \/>\n<meta property=\"og:url\" content=\"https:\/\/cmbe.com\/sitemap\/\" \/>\n<meta property=\"og:site_name\" content=\"cmbe.com\" \/>\n<meta property=\"article:modified_time\" content=\"2026-04-24T07:28:56+00:00\" \/>\n<meta name=\"twitter:card\" content=\"summary_large_image\" \/>\n<script type=\"application\/ld+json\" class=\"yoast-schema-graph\">{\"@context\":\"https:\/\/schema.org\",\"@graph\":[{\"@type\":\"WebPage\",\"@id\":\"https:\/\/cmbe.com\/sitemap\/\",\"url\":\"https:\/\/cmbe.com\/sitemap\/\",\"name\":\"Plan du site - cmbe.com\",\"isPartOf\":{\"@id\":\"https:\/\/cmbe.com\/#website\"},\"datePublished\":\"2025-02-24T09:14:42+00:00\",\"dateModified\":\"2026-04-24T07:28:56+00:00\",\"breadcrumb\":{\"@id\":\"https:\/\/cmbe.com\/sitemap\/#breadcrumb\"},\"inLanguage\":\"fr-FR\",\"potentialAction\":[{\"@type\":\"ReadAction\",\"target\":[\"https:\/\/cmbe.com\/sitemap\/\"]}]},{\"@type\":\"BreadcrumbList\",\"@id\":\"https:\/\/cmbe.com\/sitemap\/#breadcrumb\",\"itemListElement\":[{\"@type\":\"ListItem\",\"position\":1,\"name\":\"Home\",\"item\":\"https:\/\/cmbe.com\/\"},{\"@type\":\"ListItem\",\"position\":2,\"name\":\"Plan du site\"}]},{\"@type\":\"WebSite\",\"@id\":\"https:\/\/cmbe.com\/#website\",\"url\":\"https:\/\/cmbe.com\/\",\"name\":\"cmbe.com\",\"description\":\"\",\"potentialAction\":[{\"@type\":\"SearchAction\",\"target\":{\"@type\":\"EntryPoint\",\"urlTemplate\":\"https:\/\/cmbe.com\/?s={search_term_string}\"},\"query-input\":{\"@type\":\"PropertyValueSpecification\",\"valueRequired\":true,\"valueName\":\"search_term_string\"}}],\"inLanguage\":\"fr-FR\"}]}<\/script>\n<!-- \/ Yoast SEO plugin. -->","yoast_head_json":{"title":"Plan du site - cmbe.com","robots":{"index":"index","follow":"follow","max-snippet":"max-snippet:-1","max-image-preview":"max-image-preview:large","max-video-preview":"max-video-preview:-1"},"canonical":"https:\/\/cmbe.com\/sitemap\/","og_locale":"fr_FR","og_type":"article","og_title":"Plan du site - cmbe.com","og_url":"https:\/\/cmbe.com\/sitemap\/","og_site_name":"cmbe.com","article_modified_time":"2026-04-24T07:28:56+00:00","twitter_card":"summary_large_image","schema":{"@context":"https:\/\/schema.org","@graph":[{"@type":"WebPage","@id":"https:\/\/cmbe.com\/sitemap\/","url":"https:\/\/cmbe.com\/sitemap\/","name":"Plan du site - cmbe.com","isPartOf":{"@id":"https:\/\/cmbe.com\/#website"},"datePublished":"2025-02-24T09:14:42+00:00","dateModified":"2026-04-24T07:28:56+00:00","breadcrumb":{"@id":"https:\/\/cmbe.com\/sitemap\/#breadcrumb"},"inLanguage":"fr-FR","potentialAction":[{"@type":"ReadAction","target":["https:\/\/cmbe.com\/sitemap\/"]}]},{"@type":"BreadcrumbList","@id":"https:\/\/cmbe.com\/sitemap\/#breadcrumb","itemListElement":[{"@type":"ListItem","position":1,"name":"Home","item":"https:\/\/cmbe.com\/"},{"@type":"ListItem","position":2,"name":"Plan du site"}]},{"@type":"WebSite","@id":"https:\/\/cmbe.com\/#website","url":"https:\/\/cmbe.com\/","name":"cmbe.com","description":"","potentialAction":[{"@type":"SearchAction","target":{"@type":"EntryPoint","urlTemplate":"https:\/\/cmbe.com\/?s={search_term_string}"},"query-input":{"@type":"PropertyValueSpecification","valueRequired":true,"valueName":"search_term_string"}}],"inLanguage":"fr-FR"}]}},"_links":{"self":[{"href":"https:\/\/cmbe.com\/fr\/wp-json\/wp\/v2\/pages\/13661","targetHints":{"allow":["GET"]}}],"collection":[{"href":"https:\/\/cmbe.com\/fr\/wp-json\/wp\/v2\/pages"}],"about":[{"href":"https:\/\/cmbe.com\/fr\/wp-json\/wp\/v2\/types\/page"}],"author":[{"embeddable":true,"href":"https:\/\/cmbe.com\/fr\/wp-json\/wp\/v2\/users\/2"}],"replies":[{"embeddable":true,"href":"https:\/\/cmbe.com\/fr\/wp-json\/wp\/v2\/comments?post=13661"}],"version-history":[{"count":1,"href":"https:\/\/cmbe.com\/fr\/wp-json\/wp\/v2\/pages\/13661\/revisions"}],"predecessor-version":[{"id":13662,"href":"https:\/\/cmbe.com\/fr\/wp-json\/wp\/v2\/pages\/13661\/revisions\/13662"}],"wp:attachment":[{"href":"https:\/\/cmbe.com\/fr\/wp-json\/wp\/v2\/media?parent=13661"}],"wp:term":[{"taxonomy":"category","embeddable":true,"href":"https:\/\/cmbe.com\/fr\/wp-json\/wp\/v2\/categories?post=13661"},{"taxonomy":"post_tag","embeddable":true,"href":"https:\/\/cmbe.com\/fr\/wp-json\/wp\/v2\/tags?post=13661"}],"curies":[{"name":"wp","href":"https:\/\/api.w.org\/{rel}","templated":true}]}}