{"id":6686,"date":"2024-06-13T12:45:15","date_gmt":"2024-06-13T12:45:15","guid":{"rendered":"https:\/\/cmbe.com\/avis-juridique\/"},"modified":"2026-05-13T21:10:06","modified_gmt":"2026-05-13T21:10:06","slug":"avis-juridique","status":"publish","type":"page","link":"https:\/\/cmbe.com\/fr\/avis-juridique\/","title":{"rendered":"Avis juridique"},"content":{"rendered":"\t\t<div data-elementor-type=\"wp-page\" data-elementor-id=\"6686\" class=\"elementor elementor-6686 elementor-3013\" data-elementor-post-type=\"page\">\n\t\t\t\t<div class=\"elementor-element elementor-element-ea8b7a6 e-con-full e-flex e-con e-parent\" data-id=\"ea8b7a6\" data-element_type=\"container\">\n\t\t\t\t<div class=\"elementor-element elementor-element-870c568 elementor-widget elementor-widget-heading\" data-id=\"870c568\" data-element_type=\"widget\" data-widget_type=\"heading.default\">\n\t\t\t\t\t<h1 class=\"elementor-heading-title elementor-size-default\">Avis juridique<\/h1>\t\t\t\t<\/div>\n\t\t\t\t<div class=\"elementor-element elementor-element-08cc269 elementor-widget__width-initial elementor-widget-tablet__width-inherit elementor-widget elementor-widget-heading\" data-id=\"08cc269\" data-element_type=\"widget\" data-widget_type=\"heading.default\">\n\t\t\t\t\t<p class=\"elementor-heading-title elementor-size-default\">CarnaudMetalbox Engineering Ltd. et ses soci\u00e9t\u00e9s affili\u00e9es (collectivement CarnaudMetalbox\nEngineering Ltd.) ne garantissent pas l'actualit\u00e9, l'ordre, l'exactitude ou l'exhaustivit\u00e9 des donn\u00e9es.\ndes informations contenues dans le site web. En outre, il n'existe aucune garantie, expresse ou implicite, concernant\nles r\u00e9sultats \u00e0 obtenir de l'utilisation de ces informations.  <br><br>\nNi CarnaudMetalbox Engineering Ltd. ni ses fournisseurs d'informations ne peuvent \u00eatre tenus pour responsables, quels que soient\nla cause ou la dur\u00e9e, pour toute erreur, inexactitude, omission ou autre d\u00e9faut dans, ou l'inopportunit\u00e9 ou l'inefficacit\u00e9 d'un produit, d'un service ou d'un service.\nl'absence d'authenticit\u00e9 des informations, ou pour tout retard ou interruption dans la transmission de ces informations \u00e0 l'autorit\u00e9 comp\u00e9tente.\nl'utilisateur, ou pour toute r\u00e9clamation ou perte qui en r\u00e9sulterait ou serait occasionn\u00e9e par elle. Aucun des \u00e9l\u00e9ments pr\u00e9c\u00e9dents\nne sera responsable des r\u00e9clamations ou pertes de tiers de quelque nature que ce soit, y compris, mais sans s'y limiter,\nle manque \u00e0 gagner, les dommages punitifs ou cons\u00e9cutifs. Avant l'ex\u00e9cution d'une transaction boursi\u00e8re, vous \u00eates\nNous vous conseillons de consulter votre courtier ou autre repr\u00e9sentant financier pour v\u00e9rifier les informations relatives aux prix.  <br><br>\nCes informations sont r\u00e9serv\u00e9es \u00e0 l'usage interne de l'utilisateur. L'utilisateur reconna\u00eet et accepte que tous les\nles droits de propri\u00e9t\u00e9 sur les informations re\u00e7ues resteront la propri\u00e9t\u00e9 de CarnaudMetalbox\nEngineering Ltd. ou ses fournisseurs d'informations. La reproduction, la redistribution ou la retransmission de\ntoute information contenue dans le service est strictement interdite, sauf autorisation \u00e9crite. Utilisateur suppl\u00e9mentaire\ns'engage \u00e0 ne pas utiliser ou permettre \u00e0 quiconque d'utiliser les informations fournies par l'interm\u00e9diaire du service pour quelque raison que ce soit.\n\u00e0 des fins ill\u00e9gales ou non autoris\u00e9es.<\/p>\t\t\t\t<\/div>\n\t\t\t\t<\/div>\n\t\t\t\t<\/div>\n\t\t","protected":false},"excerpt":{"rendered":"<p>Avis juridique CarnaudMetalbox Engineering Ltd. et ses soci\u00e9t\u00e9s affili\u00e9es (collectivement CarnaudMetalbox Engineering Ltd.) ne garantissent pas l&rsquo;actualit\u00e9, l&rsquo;ordre, l&rsquo;exactitude ou l&rsquo;exhaustivit\u00e9 des donn\u00e9es. des informations contenues dans le site web. En outre, il n&rsquo;existe aucune garantie, expresse ou implicite, concernant les r\u00e9sultats \u00e0 obtenir de l&rsquo;utilisation de ces informations. Ni CarnaudMetalbox Engineering Ltd. ni ses [&hellip;]<\/p>\n","protected":false},"author":2,"featured_media":0,"parent":0,"menu_order":0,"comment_status":"closed","ping_status":"closed","template":"","meta":{"footnotes":""},"categories":[],"tags":[],"class_list":["post-6686","page","type-page","status-publish","hentry"],"yoast_head":"<!-- This site is optimized with the Yoast SEO plugin v25.8 - https:\/\/yoast.com\/wordpress\/plugins\/seo\/ -->\n<title>Avis juridique - cmbe.com<\/title>\n<meta name=\"robots\" content=\"index, follow, max-snippet:-1, max-image-preview:large, max-video-preview:-1\" \/>\n<link rel=\"canonical\" href=\"https:\/\/cmbe.com\/legal-notice\/\" \/>\n<meta property=\"og:locale\" content=\"fr_FR\" \/>\n<meta property=\"og:type\" content=\"article\" \/>\n<meta property=\"og:title\" content=\"Avis juridique - cmbe.com\" \/>\n<meta property=\"og:description\" content=\"Avis juridique CarnaudMetalbox Engineering Ltd. et ses soci\u00e9t\u00e9s affili\u00e9es (collectivement CarnaudMetalbox Engineering Ltd.) ne garantissent pas l&rsquo;actualit\u00e9, l&rsquo;ordre, l&rsquo;exactitude ou l&rsquo;exhaustivit\u00e9 des donn\u00e9es. des informations contenues dans le site web. En outre, il n&rsquo;existe aucune garantie, expresse ou implicite, concernant les r\u00e9sultats \u00e0 obtenir de l&rsquo;utilisation de ces informations. Ni CarnaudMetalbox Engineering Ltd. ni ses [&hellip;]\" \/>\n<meta property=\"og:url\" content=\"https:\/\/cmbe.com\/legal-notice\/\" \/>\n<meta property=\"og:site_name\" content=\"cmbe.com\" \/>\n<meta property=\"article:modified_time\" content=\"2026-05-13T21:10:06+00:00\" \/>\n<meta name=\"twitter:card\" content=\"summary_large_image\" \/>\n<meta name=\"twitter:label1\" content=\"Dur\u00e9e de lecture estim\u00e9e\" \/>\n\t<meta name=\"twitter:data1\" content=\"1 minute\" \/>\n<script type=\"application\/ld+json\" class=\"yoast-schema-graph\">{\"@context\":\"https:\/\/schema.org\",\"@graph\":[{\"@type\":\"WebPage\",\"@id\":\"https:\/\/cmbe.com\/legal-notice\/\",\"url\":\"https:\/\/cmbe.com\/legal-notice\/\",\"name\":\"Avis juridique - cmbe.com\",\"isPartOf\":{\"@id\":\"https:\/\/cmbe.com\/#website\"},\"datePublished\":\"2024-06-13T12:45:15+00:00\",\"dateModified\":\"2026-05-13T21:10:06+00:00\",\"breadcrumb\":{\"@id\":\"https:\/\/cmbe.com\/legal-notice\/#breadcrumb\"},\"inLanguage\":\"fr-FR\",\"potentialAction\":[{\"@type\":\"ReadAction\",\"target\":[\"https:\/\/cmbe.com\/legal-notice\/\"]}]},{\"@type\":\"BreadcrumbList\",\"@id\":\"https:\/\/cmbe.com\/legal-notice\/#breadcrumb\",\"itemListElement\":[{\"@type\":\"ListItem\",\"position\":1,\"name\":\"Home\",\"item\":\"https:\/\/cmbe.com\/\"},{\"@type\":\"ListItem\",\"position\":2,\"name\":\"Avis juridique\"}]},{\"@type\":\"WebSite\",\"@id\":\"https:\/\/cmbe.com\/#website\",\"url\":\"https:\/\/cmbe.com\/\",\"name\":\"cmbe.com\",\"description\":\"\",\"potentialAction\":[{\"@type\":\"SearchAction\",\"target\":{\"@type\":\"EntryPoint\",\"urlTemplate\":\"https:\/\/cmbe.com\/?s={search_term_string}\"},\"query-input\":{\"@type\":\"PropertyValueSpecification\",\"valueRequired\":true,\"valueName\":\"search_term_string\"}}],\"inLanguage\":\"fr-FR\"}]}<\/script>\n<!-- \/ Yoast SEO plugin. -->","yoast_head_json":{"title":"Avis juridique - cmbe.com","robots":{"index":"index","follow":"follow","max-snippet":"max-snippet:-1","max-image-preview":"max-image-preview:large","max-video-preview":"max-video-preview:-1"},"canonical":"https:\/\/cmbe.com\/legal-notice\/","og_locale":"fr_FR","og_type":"article","og_title":"Avis juridique - cmbe.com","og_description":"Avis juridique CarnaudMetalbox Engineering Ltd. et ses soci\u00e9t\u00e9s affili\u00e9es (collectivement CarnaudMetalbox Engineering Ltd.) ne garantissent pas l&rsquo;actualit\u00e9, l&rsquo;ordre, l&rsquo;exactitude ou l&rsquo;exhaustivit\u00e9 des donn\u00e9es. des informations contenues dans le site web. En outre, il n&rsquo;existe aucune garantie, expresse ou implicite, concernant les r\u00e9sultats \u00e0 obtenir de l&rsquo;utilisation de ces informations. Ni CarnaudMetalbox Engineering Ltd. ni ses [&hellip;]","og_url":"https:\/\/cmbe.com\/legal-notice\/","og_site_name":"cmbe.com","article_modified_time":"2026-05-13T21:10:06+00:00","twitter_card":"summary_large_image","twitter_misc":{"Dur\u00e9e de lecture estim\u00e9e":"1 minute"},"schema":{"@context":"https:\/\/schema.org","@graph":[{"@type":"WebPage","@id":"https:\/\/cmbe.com\/legal-notice\/","url":"https:\/\/cmbe.com\/legal-notice\/","name":"Avis juridique - cmbe.com","isPartOf":{"@id":"https:\/\/cmbe.com\/#website"},"datePublished":"2024-06-13T12:45:15+00:00","dateModified":"2026-05-13T21:10:06+00:00","breadcrumb":{"@id":"https:\/\/cmbe.com\/legal-notice\/#breadcrumb"},"inLanguage":"fr-FR","potentialAction":[{"@type":"ReadAction","target":["https:\/\/cmbe.com\/legal-notice\/"]}]},{"@type":"BreadcrumbList","@id":"https:\/\/cmbe.com\/legal-notice\/#breadcrumb","itemListElement":[{"@type":"ListItem","position":1,"name":"Home","item":"https:\/\/cmbe.com\/"},{"@type":"ListItem","position":2,"name":"Avis juridique"}]},{"@type":"WebSite","@id":"https:\/\/cmbe.com\/#website","url":"https:\/\/cmbe.com\/","name":"cmbe.com","description":"","potentialAction":[{"@type":"SearchAction","target":{"@type":"EntryPoint","urlTemplate":"https:\/\/cmbe.com\/?s={search_term_string}"},"query-input":{"@type":"PropertyValueSpecification","valueRequired":true,"valueName":"search_term_string"}}],"inLanguage":"fr-FR"}]}},"_links":{"self":[{"href":"https:\/\/cmbe.com\/fr\/wp-json\/wp\/v2\/pages\/6686","targetHints":{"allow":["GET"]}}],"collection":[{"href":"https:\/\/cmbe.com\/fr\/wp-json\/wp\/v2\/pages"}],"about":[{"href":"https:\/\/cmbe.com\/fr\/wp-json\/wp\/v2\/types\/page"}],"author":[{"embeddable":true,"href":"https:\/\/cmbe.com\/fr\/wp-json\/wp\/v2\/users\/2"}],"replies":[{"embeddable":true,"href":"https:\/\/cmbe.com\/fr\/wp-json\/wp\/v2\/comments?post=6686"}],"version-history":[{"count":1,"href":"https:\/\/cmbe.com\/fr\/wp-json\/wp\/v2\/pages\/6686\/revisions"}],"predecessor-version":[{"id":16231,"href":"https:\/\/cmbe.com\/fr\/wp-json\/wp\/v2\/pages\/6686\/revisions\/16231"}],"wp:attachment":[{"href":"https:\/\/cmbe.com\/fr\/wp-json\/wp\/v2\/media?parent=6686"}],"wp:term":[{"taxonomy":"category","embeddable":true,"href":"https:\/\/cmbe.com\/fr\/wp-json\/wp\/v2\/categories?post=6686"},{"taxonomy":"post_tag","embeddable":true,"href":"https:\/\/cmbe.com\/fr\/wp-json\/wp\/v2\/tags?post=6686"}],"curies":[{"name":"wp","href":"https:\/\/api.w.org\/{rel}","templated":true}]}}