{"id":13593,"date":"2025-05-12T07:52:19","date_gmt":"2025-05-12T07:52:19","guid":{"rendered":"https:\/\/cmbe.com\/declaracao-de-acessibilidade\/"},"modified":"2026-04-22T04:39:11","modified_gmt":"2026-04-22T04:39:11","slug":"declaracao-de-acessibilidade","status":"publish","type":"page","link":"https:\/\/cmbe.com\/pt-br\/declaracao-de-acessibilidade\/","title":{"rendered":"Declara\u00e7\u00e3o de acessibilidade"},"content":{"rendered":"\t\t<div data-elementor-type=\"wp-page\" data-elementor-id=\"13593\" class=\"elementor elementor-13593 elementor-10771\" data-elementor-post-type=\"page\">\n\t\t\t\t<div class=\"elementor-element elementor-element-db49922 e-con-full e-flex e-con e-parent\" data-id=\"db49922\" data-element_type=\"container\">\n\t\t\t\t<div class=\"elementor-element elementor-element-ffb01cb elementor-widget elementor-widget-heading\" data-id=\"ffb01cb\" data-element_type=\"widget\" data-widget_type=\"heading.default\">\n\t\t\t\t\t<h1 class=\"elementor-heading-title elementor-size-default\">Declara\u00e7\u00e3o de acessibilidade<\/h1>\t\t\t\t<\/div>\n\t\t\t\t<div class=\"elementor-element elementor-element-ea01af9 elementor-widget__width-initial elementor-widget-tablet__width-inherit elementor-widget elementor-widget-text-editor\" data-id=\"ea01af9\" data-element_type=\"widget\" data-widget_type=\"text-editor.default\">\n\t\t\t\t\t\t\t\t\t<p><strong style=\"text-align: start; font-size: 1rem;\">CarnaudMetalbox Engineering Ltd<\/strong><span style=\"text-align: start; font-size: 1rem;\">  tem o compromisso de garantir a acessibilidade digital para pessoas com defici\u00eancias. Estamos aprimorando continuamente a experi\u00eancia do usu\u00e1rio para todos e aplicando os padr\u00f5es de acessibilidade relevantes. <\/span><\/p>\n<p> <\/p>\n<p><\/p>\n<p><\/p>\n<h6><strong>Status de conformidade<\/strong><\/h6>\n<p><\/p>\n<p>As WCAG (Web Content Accessibility Guidelines, Diretrizes de Acessibilidade para Conte\u00fado da Web) definem requisitos para que designers e desenvolvedores melhorem a acessibilidade para pessoas com defici\u00eancia. Elas definem tr\u00eas n\u00edveis de conformidade: N\u00edvel A, N\u00edvel AA e N\u00edvel AAA. <\/p>\n<p><\/p>\n<p> <\/p>\n<p><strong>A CarnaudMetalbox Engineering Ltd<\/strong> est\u00e1 se esfor\u00e7ando constantemente para melhorar a acessibilidade de seu site e de seus servi\u00e7os, acreditando que \u00e9 nossa obriga\u00e7\u00e3o moral coletiva permitir o uso cont\u00ednuo, acess\u00edvel e desimpedido para pessoas com defici\u00eancia.<\/p>\n<p><\/p>\n<p>Nosso objetivo \u00e9 tornar acess\u00edveis todas as p\u00e1ginas e conte\u00fados do site <strong>https:\/\/cmbe.com<\/strong>, mas alguns conte\u00fados podem ainda n\u00e3o atender totalmente aos mais altos padr\u00f5es de acessibilidade. Isso pode ocorrer devido a desafios na identifica\u00e7\u00e3o da solu\u00e7\u00e3o tecnol\u00f3gica mais adequada. <\/p>\n<p> <\/p>\n<p>Podemos revisar esta Declara\u00e7\u00e3o periodicamente para refletir melhorias ou altera\u00e7\u00f5es em nossas pr\u00e1ticas de acessibilidade.<\/p>\n<p><\/p>\n<p><\/p>\n<h6> <\/h6>\n<h6> <\/h6>\n<h6><strong>Feedback<\/strong><\/h6>\n<p><\/p>\n<p>Agradecemos seus coment\u00e1rios sobre a acessibilidade do site da <strong>CarnaudMetalbox Engineering Ltd<\/strong>. Informe-nos se voc\u00ea encontrar barreiras de acessibilidade em nosso site: <\/p>\n<p> <\/p>\n<p>E-mail: <strong>Caroline.SYMONDS@cmbe.co.uk<\/strong><\/p>\n<p><\/p>\n<p><\/p>\n<p> <\/p>\n<p>Tentamos responder aos coment\u00e1rios dentro de 3 a 5 dias \u00fateis.<\/p>\n<p><\/p>\n<p><\/p>\t\t\t\t\t\t\t\t<\/div>\n\t\t\t\t<div class=\"elementor-element elementor-element-78fb66a elementor-widget__width-initial elementor-widget-tablet__width-inherit elementor-widget elementor-widget-text-editor\" data-id=\"78fb66a\" data-element_type=\"widget\" data-widget_type=\"text-editor.default\">\n\t\t\t\t\t\t\t\t\t<p>Essa declara\u00e7\u00e3o foi criada em 12\/05\/2025.<\/p>\n<p><\/p>\n<p><\/p>\t\t\t\t\t\t\t\t<\/div>\n\t\t\t\t<\/div>\n\t\t\t\t<\/div>\n\t\t","protected":false},"excerpt":{"rendered":"<p>Declara\u00e7\u00e3o de acessibilidade CarnaudMetalbox Engineering Ltd tem o compromisso de garantir a acessibilidade digital para pessoas com defici\u00eancias. Estamos aprimorando continuamente a experi\u00eancia do usu\u00e1rio para todos e aplicando os padr\u00f5es de acessibilidade relevantes. Status de conformidade As WCAG (Web Content Accessibility Guidelines, Diretrizes de Acessibilidade para Conte\u00fado da Web) definem requisitos para que designers [&hellip;]<\/p>\n","protected":false},"author":21,"featured_media":0,"parent":0,"menu_order":0,"comment_status":"closed","ping_status":"closed","template":"","meta":{"footnotes":""},"categories":[],"tags":[],"class_list":["post-13593","page","type-page","status-publish","hentry"],"yoast_head":"<!-- This site is optimized with the Yoast SEO plugin v25.8 - https:\/\/yoast.com\/wordpress\/plugins\/seo\/ -->\n<title>Declara\u00e7\u00e3o de acessibilidade - cmbe.com<\/title>\n<meta name=\"robots\" content=\"index, follow, max-snippet:-1, max-image-preview:large, max-video-preview:-1\" \/>\n<link rel=\"canonical\" href=\"https:\/\/cmbe.com\/accessibility-statement\/\" \/>\n<meta property=\"og:locale\" content=\"pt_BR\" \/>\n<meta property=\"og:type\" content=\"article\" \/>\n<meta property=\"og:title\" content=\"Declara\u00e7\u00e3o de acessibilidade - cmbe.com\" \/>\n<meta property=\"og:description\" content=\"Declara\u00e7\u00e3o de acessibilidade CarnaudMetalbox Engineering Ltd tem o compromisso de garantir a acessibilidade digital para pessoas com defici\u00eancias. Estamos aprimorando continuamente a experi\u00eancia do usu\u00e1rio para todos e aplicando os padr\u00f5es de acessibilidade relevantes. Status de conformidade As WCAG (Web Content Accessibility Guidelines, Diretrizes de Acessibilidade para Conte\u00fado da Web) definem requisitos para que designers [&hellip;]\" \/>\n<meta property=\"og:url\" content=\"https:\/\/cmbe.com\/accessibility-statement\/\" \/>\n<meta property=\"og:site_name\" content=\"cmbe.com\" \/>\n<meta property=\"article:modified_time\" content=\"2026-04-22T04:39:11+00:00\" \/>\n<meta name=\"twitter:card\" content=\"summary_large_image\" \/>\n<meta name=\"twitter:label1\" content=\"Est. tempo de leitura\" \/>\n\t<meta name=\"twitter:data1\" content=\"1 minuto\" \/>\n<script type=\"application\/ld+json\" class=\"yoast-schema-graph\">{\"@context\":\"https:\/\/schema.org\",\"@graph\":[{\"@type\":\"WebPage\",\"@id\":\"https:\/\/cmbe.com\/accessibility-statement\/\",\"url\":\"https:\/\/cmbe.com\/accessibility-statement\/\",\"name\":\"Declara\u00e7\u00e3o de acessibilidade - cmbe.com\",\"isPartOf\":{\"@id\":\"https:\/\/cmbe.com\/#website\"},\"datePublished\":\"2025-05-12T07:52:19+00:00\",\"dateModified\":\"2026-04-22T04:39:11+00:00\",\"breadcrumb\":{\"@id\":\"https:\/\/cmbe.com\/accessibility-statement\/#breadcrumb\"},\"inLanguage\":\"pt-BR\",\"potentialAction\":[{\"@type\":\"ReadAction\",\"target\":[\"https:\/\/cmbe.com\/accessibility-statement\/\"]}]},{\"@type\":\"BreadcrumbList\",\"@id\":\"https:\/\/cmbe.com\/accessibility-statement\/#breadcrumb\",\"itemListElement\":[{\"@type\":\"ListItem\",\"position\":1,\"name\":\"Home\",\"item\":\"https:\/\/cmbe.com\/\"},{\"@type\":\"ListItem\",\"position\":2,\"name\":\"Declara\u00e7\u00e3o de acessibilidade\"}]},{\"@type\":\"WebSite\",\"@id\":\"https:\/\/cmbe.com\/#website\",\"url\":\"https:\/\/cmbe.com\/\",\"name\":\"cmbe.com\",\"description\":\"\",\"potentialAction\":[{\"@type\":\"SearchAction\",\"target\":{\"@type\":\"EntryPoint\",\"urlTemplate\":\"https:\/\/cmbe.com\/?s={search_term_string}\"},\"query-input\":{\"@type\":\"PropertyValueSpecification\",\"valueRequired\":true,\"valueName\":\"search_term_string\"}}],\"inLanguage\":\"pt-BR\"}]}<\/script>\n<!-- \/ Yoast SEO plugin. -->","yoast_head_json":{"title":"Declara\u00e7\u00e3o de acessibilidade - cmbe.com","robots":{"index":"index","follow":"follow","max-snippet":"max-snippet:-1","max-image-preview":"max-image-preview:large","max-video-preview":"max-video-preview:-1"},"canonical":"https:\/\/cmbe.com\/accessibility-statement\/","og_locale":"pt_BR","og_type":"article","og_title":"Declara\u00e7\u00e3o de acessibilidade - cmbe.com","og_description":"Declara\u00e7\u00e3o de acessibilidade CarnaudMetalbox Engineering Ltd tem o compromisso de garantir a acessibilidade digital para pessoas com defici\u00eancias. Estamos aprimorando continuamente a experi\u00eancia do usu\u00e1rio para todos e aplicando os padr\u00f5es de acessibilidade relevantes. Status de conformidade As WCAG (Web Content Accessibility Guidelines, Diretrizes de Acessibilidade para Conte\u00fado da Web) definem requisitos para que designers [&hellip;]","og_url":"https:\/\/cmbe.com\/accessibility-statement\/","og_site_name":"cmbe.com","article_modified_time":"2026-04-22T04:39:11+00:00","twitter_card":"summary_large_image","twitter_misc":{"Est. tempo de leitura":"1 minuto"},"schema":{"@context":"https:\/\/schema.org","@graph":[{"@type":"WebPage","@id":"https:\/\/cmbe.com\/accessibility-statement\/","url":"https:\/\/cmbe.com\/accessibility-statement\/","name":"Declara\u00e7\u00e3o de acessibilidade - cmbe.com","isPartOf":{"@id":"https:\/\/cmbe.com\/#website"},"datePublished":"2025-05-12T07:52:19+00:00","dateModified":"2026-04-22T04:39:11+00:00","breadcrumb":{"@id":"https:\/\/cmbe.com\/accessibility-statement\/#breadcrumb"},"inLanguage":"pt-BR","potentialAction":[{"@type":"ReadAction","target":["https:\/\/cmbe.com\/accessibility-statement\/"]}]},{"@type":"BreadcrumbList","@id":"https:\/\/cmbe.com\/accessibility-statement\/#breadcrumb","itemListElement":[{"@type":"ListItem","position":1,"name":"Home","item":"https:\/\/cmbe.com\/"},{"@type":"ListItem","position":2,"name":"Declara\u00e7\u00e3o de acessibilidade"}]},{"@type":"WebSite","@id":"https:\/\/cmbe.com\/#website","url":"https:\/\/cmbe.com\/","name":"cmbe.com","description":"","potentialAction":[{"@type":"SearchAction","target":{"@type":"EntryPoint","urlTemplate":"https:\/\/cmbe.com\/?s={search_term_string}"},"query-input":{"@type":"PropertyValueSpecification","valueRequired":true,"valueName":"search_term_string"}}],"inLanguage":"pt-BR"}]}},"_links":{"self":[{"href":"https:\/\/cmbe.com\/pt-br\/wp-json\/wp\/v2\/pages\/13593","targetHints":{"allow":["GET"]}}],"collection":[{"href":"https:\/\/cmbe.com\/pt-br\/wp-json\/wp\/v2\/pages"}],"about":[{"href":"https:\/\/cmbe.com\/pt-br\/wp-json\/wp\/v2\/types\/page"}],"author":[{"embeddable":true,"href":"https:\/\/cmbe.com\/pt-br\/wp-json\/wp\/v2\/users\/21"}],"replies":[{"embeddable":true,"href":"https:\/\/cmbe.com\/pt-br\/wp-json\/wp\/v2\/comments?post=13593"}],"version-history":[{"count":2,"href":"https:\/\/cmbe.com\/pt-br\/wp-json\/wp\/v2\/pages\/13593\/revisions"}],"predecessor-version":[{"id":13600,"href":"https:\/\/cmbe.com\/pt-br\/wp-json\/wp\/v2\/pages\/13593\/revisions\/13600"}],"wp:attachment":[{"href":"https:\/\/cmbe.com\/pt-br\/wp-json\/wp\/v2\/media?parent=13593"}],"wp:term":[{"taxonomy":"category","embeddable":true,"href":"https:\/\/cmbe.com\/pt-br\/wp-json\/wp\/v2\/categories?post=13593"},{"taxonomy":"post_tag","embeddable":true,"href":"https:\/\/cmbe.com\/pt-br\/wp-json\/wp\/v2\/tags?post=13593"}],"curies":[{"name":"wp","href":"https:\/\/api.w.org\/{rel}","templated":true}]}}