{"id":13641,"date":"2025-02-18T08:34:39","date_gmt":"2025-02-18T08:34:39","guid":{"rendered":"https:\/\/cmbe.com\/politica-da-ims\/"},"modified":"2026-04-26T13:14:14","modified_gmt":"2026-04-26T13:14:14","slug":"politica-da-ims","status":"publish","type":"page","link":"https:\/\/cmbe.com\/pt-br\/politica-da-ims\/","title":{"rendered":"Pol\u00edtica da IMS"},"content":{"rendered":"\t\t<div data-elementor-type=\"wp-page\" data-elementor-id=\"13641\" class=\"elementor elementor-13641 elementor-9582\" data-elementor-post-type=\"page\">\n\t\t\t\t<div class=\"elementor-element elementor-element-722a160 e-con-full e-flex e-con e-parent\" data-id=\"722a160\" data-element_type=\"container\">\n\t\t<div class=\"elementor-element elementor-element-f255aba e-con-full e-flex e-con e-child\" data-id=\"f255aba\" data-element_type=\"container\">\n\t\t\t\t<div class=\"elementor-element elementor-element-4e67798 elementor-widget elementor-widget-heading\" data-id=\"4e67798\" data-element_type=\"widget\" data-widget_type=\"heading.default\">\n\t\t\t\t\t<h2 class=\"elementor-heading-title elementor-size-default\">POL\u00cdTICA DE SISTEMA DE GERENCIAMENTO INTEGRADO<\/h2>\t\t\t\t<\/div>\n\t\t\t\t<div class=\"elementor-element elementor-element-3344c44 elementor-widget__width-inherit elementor-widget elementor-widget-text-editor\" data-id=\"3344c44\" data-element_type=\"widget\" data-widget_type=\"text-editor.default\">\n\t\t\t\t\t\t\t\t\t<p class=\"p1\">Todos n\u00f3s da <b>Carnaud Metalbox Engineering (CMbE)<\/b> temos orgulho de trabalharmos juntos para obtermos um <span style=\"text-align: var(--text-align);\">neg\u00f3cio  lucrativo, sustent\u00e1vel e \u00e9tico, mantendo os mais altos padr\u00f5es de sa\u00fade, seguran\u00e7a, meio ambiente e seguran\u00e7a. <\/span> <span style=\"text-align: var(--text-align);\">qualidade em todas as nossas atividades. O desempenho seguro, protegido e inovador de   <\/span><b style=\"text-align: var(--text-align);\">CMbE<\/b><span style=\"text-align: var(--text-align);\"> e nossos fornecedores \u00e9 <\/span><span style=\"text-align: var(--text-align);\">\u00e9 fundamental para todos os que trabalham na empresa, para nossos clientes, para nossa comunidade e, em \u00faltima an\u00e1lise, para o sucesso de nossa empresa. <\/span> <span style=\"text-align: var(--text-align);\">neg\u00f3cios. Aqui na   <\/span><b style=\"text-align: var(--text-align);\">CMbE<\/b><span style=\"text-align: var(--text-align);\"> Projetamos e fabricamos m\u00e1quinas de alta qualidade para o setor de fabrica\u00e7\u00e3o de latas, <\/span> <span style=\"text-align: var(--text-align);\">incluindo manuten\u00e7\u00e3o, treinamento e fornecimento de pe\u00e7as de reposi\u00e7\u00e3o. A equipe de ger\u00eancia s\u00eanior tem o compromisso de   <\/span><span style=\"text-align: var(--text-align);\">a integra\u00e7\u00e3o cont\u00ednua dos sistemas de gerenciamento de sa\u00fade, seguran\u00e7a, meio ambiente e qualidade.  <\/span><\/p><p class=\"p1\"><span style=\"text-align: var(--text-align);\"> <\/span><\/p><p class=\"p1\"><span style=\"text-align: var(--text-align);\">N\u00f3s nos comprometemos a:<\/span><\/p><p class=\"p1\"><span class=\"s1\" style=\"text-align: var(--text-align);\">\u2713<\/span><span style=\"text-align: var(--text-align);\"> Eliminar os perigos e reduzir os riscos de Sa\u00fade e Seguran\u00e7a Ocupacional para evitar incidentes, les\u00f5es <\/span><span style=\"text-align: var(--text-align);\">les\u00f5es, problemas de sa\u00fade e polui\u00e7\u00e3o;<\/span><\/p><p class=\"p1\">Proteger o meio ambiente, <span class=\"s1\">minimizando<\/span> nosso impacto ambiental;<\/p><p class=\"p1\">Buscar a excel\u00eancia em tudo <span class=\"s1\">o<\/span> que fazemos;<\/p><p class=\"p1\"><span class=\"s1\">Cumprir<\/span> todos os requisitos legais, regulamentares e acordados com as partes interessadas;<\/p><p class=\"p1\"><span class=\"s1\">Concentre-se<\/span> em agregar valor aos neg\u00f3cios do cliente;<\/p><p class=\"p1\">Promover a sa\u00fade e o bem-estar de nossa equipe e proporcionar um ambiente que torne a ida ao <span style=\"text-align: var(--text-align);\">trabalho agrad\u00e1vel e gratificante;<\/span><\/p><p class=\"p1\">Melhoria cont\u00ednua do desempenho em todas as nossas atividades por meio da defini\u00e7\u00e3o de objetivos, metas, <span style=\"text-align: var(--text-align);\">treinamento e ado\u00e7\u00e3o de melhores pr\u00e1ticas consistentes;<\/span><\/p><p class=\"p1\">Trabalhar em parceria de forma respons\u00e1vel com todas as partes interessadas internas e externas para garantir que nossa pol\u00edtica <span style=\"text-align: var(--text-align);\">e expectativas sejam incorporadas em todas as nossas atividades;<\/span><\/p><p class=\"p1\">Consulta e participa\u00e7\u00e3o dos trabalhadores e seus representantes;<\/p><p class=\"p1\">Fornecer treinamento adequado a todos os funcion\u00e1rios;<\/p><p class=\"p1\"><span class=\"s1\">Comprometer-se<\/span> com o desenvolvimento de aprendizes como parte integrante de nossos neg\u00f3cios futuros;<\/p><p class=\"p1\"><span class=\"s1\">Garantir<\/span> que haja recursos adequados e suficientes para cumprir nossos objetivos;<\/p><p class=\"p1\"><span class=\"s1\">Inovar<\/span> nossos produtos e servi\u00e7os, considerando todos os riscos, oportunidades e implica\u00e7\u00f5es;<\/p><p class=\"p1\">Trabalhar para exceder os requisitos das normas ISO 9001:2015, ISO 14001:2015 e ISO 45001:2018;<\/p><p class=\"p1\"><span class=\"s1\">Revisar<\/span> esta pol\u00edtica regularmente para garantir sua adequa\u00e7\u00e3o cont\u00ednua e que o conte\u00fado desta pol\u00edtica <span style=\"text-align: var(--text-align);\">seja comunicado a todas as partes interessadas e compreendido dentro da empresa.<\/span><\/p>\t\t\t\t\t\t\t\t<\/div>\n\t\t\t\t<div class=\"elementor-element elementor-element-29da8d5 elementor-widget-divider--view-line elementor-widget elementor-widget-divider\" data-id=\"29da8d5\" data-element_type=\"widget\" data-widget_type=\"divider.default\">\n\t\t\t\t\t\t\t<div class=\"elementor-divider\">\n\t\t\t<span class=\"elementor-divider-separator\">\n\t\t\t\t\t\t<\/span>\n\t\t<\/div>\n\t\t\t\t\t\t<\/div>\n\t\t<div class=\"elementor-element elementor-element-3781078 e-con-full e-flex e-con e-child\" data-id=\"3781078\" data-element_type=\"container\">\n\t\t\t\t<div class=\"elementor-element elementor-element-5c595d6 elementor-widget__width-initial elementor-widget elementor-widget-heading\" data-id=\"5c595d6\" data-element_type=\"widget\" data-widget_type=\"heading.default\">\n\t\t\t\t\t<h2 class=\"elementor-heading-title elementor-size-default\"><p style=\"margin: 0px;font-size: 11.5px;line-height: normal;font-family: Arial\"><b>Preparado por: <\/b><span style=\"font-weight: 400\">V Baines-Jone <\/span><\/p><p style=\"margin: 0px;font-size: 11.5px;line-height: normal;font-family: Arial\"><span style=\"text-align: var(--text-align)\">Aprovado por: <\/span><span style=\"text-align: var(--text-align);font-weight: 400\">Andrew Truelove<\/span><span style=\"color: var( --e-global-color-primary );font-family: var( --e-global-typography-primary-font-family ), Sans-serif;font-size: 2rem;font-weight: var( --e-global-typography-primary-font-weight );text-align: var(--text-align)\"><\/span><\/p><\/h2>\t\t\t\t<\/div>\n\t\t\t\t<div class=\"elementor-element elementor-element-a6a3d8b elementor-widget__width-initial elementor-widget elementor-widget-heading\" data-id=\"a6a3d8b\" data-element_type=\"widget\" data-widget_type=\"heading.default\">\n\t\t\t\t\t<h2 class=\"elementor-heading-title elementor-size-default\"><p style=\"margin: 0px;font-weight: 400;font-size: 11.5px;line-height: normal;font-family: Arial\"><b style=\"text-align: var(--text-align)\">Edi\u00e7\u00e3o: <\/b><span style=\"text-align: var(--text-align)\">11.0 <\/span><span style=\"color: var( --e-global-color-primary );font-family: var( --e-global-typography-primary-font-family ), Sans-serif;font-size: 2rem;font-weight: var( --e-global-typography-primary-font-weight );text-align: var(--text-align)\"><\/span><\/p><\/h2>\t\t\t\t<\/div>\n\t\t\t\t<div class=\"elementor-element elementor-element-17e6b7f elementor-widget__width-initial elementor-widget elementor-widget-heading\" data-id=\"17e6b7f\" data-element_type=\"widget\" data-widget_type=\"heading.default\">\n\t\t\t\t\t<h2 class=\"elementor-heading-title elementor-size-default\"><p style=\"margin: 0px;font-weight: 400;font-size: 11.5px;line-height: normal;font-family: Arial\"><b style=\"text-align: var(--text-align)\">Data: <\/b><span style=\"text-align: var(--text-align)\">12 de fevereiro de 2025<\/span><span style=\"color: var( --e-global-color-primary );font-family: var( --e-global-typography-primary-font-family ), Sans-serif;font-size: 2rem;font-weight: var( --e-global-typography-primary-font-weight );text-align: var(--text-align)\"><\/span><\/p><\/h2>\t\t\t\t<\/div>\n\t\t\t\t<\/div>\n\t\t\t\t<\/div>\n\t\t\t\t<\/div>\n\t\t\t\t<\/div>\n\t\t","protected":false},"excerpt":{"rendered":"<p>POL\u00cdTICA DE SISTEMA DE GERENCIAMENTO INTEGRADO Todos n\u00f3s da Carnaud Metalbox Engineering (CMbE) temos orgulho de trabalharmos juntos para obtermos um neg\u00f3cio lucrativo, sustent\u00e1vel e \u00e9tico, mantendo os mais altos padr\u00f5es de sa\u00fade, seguran\u00e7a, meio ambiente e seguran\u00e7a. qualidade em todas as nossas atividades. O desempenho seguro, protegido e inovador de CMbE e nossos fornecedores [&hellip;]<\/p>\n","protected":false},"author":21,"featured_media":0,"parent":0,"menu_order":0,"comment_status":"closed","ping_status":"closed","template":"","meta":{"footnotes":""},"categories":[],"tags":[],"class_list":["post-13641","page","type-page","status-publish","hentry"],"yoast_head":"<!-- This site is optimized with the Yoast SEO plugin v25.8 - https:\/\/yoast.com\/wordpress\/plugins\/seo\/ -->\n<title>Pol\u00edtica da IMS - cmbe.com<\/title>\n<meta name=\"robots\" content=\"index, follow, max-snippet:-1, max-image-preview:large, max-video-preview:-1\" \/>\n<link rel=\"canonical\" href=\"https:\/\/cmbe.com\/ims-policy\/\" \/>\n<meta property=\"og:locale\" content=\"pt_BR\" \/>\n<meta property=\"og:type\" content=\"article\" \/>\n<meta property=\"og:title\" content=\"Pol\u00edtica da IMS - cmbe.com\" \/>\n<meta property=\"og:description\" content=\"POL\u00cdTICA DE SISTEMA DE GERENCIAMENTO INTEGRADO Todos n\u00f3s da Carnaud Metalbox Engineering (CMbE) temos orgulho de trabalharmos juntos para obtermos um neg\u00f3cio lucrativo, sustent\u00e1vel e \u00e9tico, mantendo os mais altos padr\u00f5es de sa\u00fade, seguran\u00e7a, meio ambiente e seguran\u00e7a. qualidade em todas as nossas atividades. O desempenho seguro, protegido e inovador de CMbE e nossos fornecedores [&hellip;]\" \/>\n<meta property=\"og:url\" content=\"https:\/\/cmbe.com\/ims-policy\/\" \/>\n<meta property=\"og:site_name\" content=\"cmbe.com\" \/>\n<meta property=\"article:modified_time\" content=\"2026-04-26T13:14:14+00:00\" \/>\n<meta name=\"twitter:card\" content=\"summary_large_image\" \/>\n<meta name=\"twitter:label1\" content=\"Est. tempo de leitura\" \/>\n\t<meta name=\"twitter:data1\" content=\"2 minutos\" \/>\n<script type=\"application\/ld+json\" class=\"yoast-schema-graph\">{\"@context\":\"https:\/\/schema.org\",\"@graph\":[{\"@type\":\"WebPage\",\"@id\":\"https:\/\/cmbe.com\/ims-policy\/\",\"url\":\"https:\/\/cmbe.com\/ims-policy\/\",\"name\":\"Pol\u00edtica da IMS - cmbe.com\",\"isPartOf\":{\"@id\":\"https:\/\/cmbe.com\/#website\"},\"datePublished\":\"2025-02-18T08:34:39+00:00\",\"dateModified\":\"2026-04-26T13:14:14+00:00\",\"breadcrumb\":{\"@id\":\"https:\/\/cmbe.com\/ims-policy\/#breadcrumb\"},\"inLanguage\":\"pt-BR\",\"potentialAction\":[{\"@type\":\"ReadAction\",\"target\":[\"https:\/\/cmbe.com\/ims-policy\/\"]}]},{\"@type\":\"BreadcrumbList\",\"@id\":\"https:\/\/cmbe.com\/ims-policy\/#breadcrumb\",\"itemListElement\":[{\"@type\":\"ListItem\",\"position\":1,\"name\":\"Home\",\"item\":\"https:\/\/cmbe.com\/\"},{\"@type\":\"ListItem\",\"position\":2,\"name\":\"Pol\u00edtica da IMS\"}]},{\"@type\":\"WebSite\",\"@id\":\"https:\/\/cmbe.com\/#website\",\"url\":\"https:\/\/cmbe.com\/\",\"name\":\"cmbe.com\",\"description\":\"\",\"potentialAction\":[{\"@type\":\"SearchAction\",\"target\":{\"@type\":\"EntryPoint\",\"urlTemplate\":\"https:\/\/cmbe.com\/?s={search_term_string}\"},\"query-input\":{\"@type\":\"PropertyValueSpecification\",\"valueRequired\":true,\"valueName\":\"search_term_string\"}}],\"inLanguage\":\"pt-BR\"}]}<\/script>\n<!-- \/ Yoast SEO plugin. -->","yoast_head_json":{"title":"Pol\u00edtica da IMS - cmbe.com","robots":{"index":"index","follow":"follow","max-snippet":"max-snippet:-1","max-image-preview":"max-image-preview:large","max-video-preview":"max-video-preview:-1"},"canonical":"https:\/\/cmbe.com\/ims-policy\/","og_locale":"pt_BR","og_type":"article","og_title":"Pol\u00edtica da IMS - cmbe.com","og_description":"POL\u00cdTICA DE SISTEMA DE GERENCIAMENTO INTEGRADO Todos n\u00f3s da Carnaud Metalbox Engineering (CMbE) temos orgulho de trabalharmos juntos para obtermos um neg\u00f3cio lucrativo, sustent\u00e1vel e \u00e9tico, mantendo os mais altos padr\u00f5es de sa\u00fade, seguran\u00e7a, meio ambiente e seguran\u00e7a. qualidade em todas as nossas atividades. O desempenho seguro, protegido e inovador de CMbE e nossos fornecedores [&hellip;]","og_url":"https:\/\/cmbe.com\/ims-policy\/","og_site_name":"cmbe.com","article_modified_time":"2026-04-26T13:14:14+00:00","twitter_card":"summary_large_image","twitter_misc":{"Est. tempo de leitura":"2 minutos"},"schema":{"@context":"https:\/\/schema.org","@graph":[{"@type":"WebPage","@id":"https:\/\/cmbe.com\/ims-policy\/","url":"https:\/\/cmbe.com\/ims-policy\/","name":"Pol\u00edtica da IMS - cmbe.com","isPartOf":{"@id":"https:\/\/cmbe.com\/#website"},"datePublished":"2025-02-18T08:34:39+00:00","dateModified":"2026-04-26T13:14:14+00:00","breadcrumb":{"@id":"https:\/\/cmbe.com\/ims-policy\/#breadcrumb"},"inLanguage":"pt-BR","potentialAction":[{"@type":"ReadAction","target":["https:\/\/cmbe.com\/ims-policy\/"]}]},{"@type":"BreadcrumbList","@id":"https:\/\/cmbe.com\/ims-policy\/#breadcrumb","itemListElement":[{"@type":"ListItem","position":1,"name":"Home","item":"https:\/\/cmbe.com\/"},{"@type":"ListItem","position":2,"name":"Pol\u00edtica da IMS"}]},{"@type":"WebSite","@id":"https:\/\/cmbe.com\/#website","url":"https:\/\/cmbe.com\/","name":"cmbe.com","description":"","potentialAction":[{"@type":"SearchAction","target":{"@type":"EntryPoint","urlTemplate":"https:\/\/cmbe.com\/?s={search_term_string}"},"query-input":{"@type":"PropertyValueSpecification","valueRequired":true,"valueName":"search_term_string"}}],"inLanguage":"pt-BR"}]}},"_links":{"self":[{"href":"https:\/\/cmbe.com\/pt-br\/wp-json\/wp\/v2\/pages\/13641","targetHints":{"allow":["GET"]}}],"collection":[{"href":"https:\/\/cmbe.com\/pt-br\/wp-json\/wp\/v2\/pages"}],"about":[{"href":"https:\/\/cmbe.com\/pt-br\/wp-json\/wp\/v2\/types\/page"}],"author":[{"embeddable":true,"href":"https:\/\/cmbe.com\/pt-br\/wp-json\/wp\/v2\/users\/21"}],"replies":[{"embeddable":true,"href":"https:\/\/cmbe.com\/pt-br\/wp-json\/wp\/v2\/comments?post=13641"}],"version-history":[{"count":2,"href":"https:\/\/cmbe.com\/pt-br\/wp-json\/wp\/v2\/pages\/13641\/revisions"}],"predecessor-version":[{"id":13645,"href":"https:\/\/cmbe.com\/pt-br\/wp-json\/wp\/v2\/pages\/13641\/revisions\/13645"}],"wp:attachment":[{"href":"https:\/\/cmbe.com\/pt-br\/wp-json\/wp\/v2\/media?parent=13641"}],"wp:term":[{"taxonomy":"category","embeddable":true,"href":"https:\/\/cmbe.com\/pt-br\/wp-json\/wp\/v2\/categories?post=13641"},{"taxonomy":"post_tag","embeddable":true,"href":"https:\/\/cmbe.com\/pt-br\/wp-json\/wp\/v2\/tags?post=13641"}],"curies":[{"name":"wp","href":"https:\/\/api.w.org\/{rel}","templated":true}]}}