{"id":13667,"date":"2025-02-24T09:14:42","date_gmt":"2025-02-24T09:14:42","guid":{"rendered":"https:\/\/cmbe.com\/mapa-do-site\/"},"modified":"2026-04-24T07:28:56","modified_gmt":"2026-04-24T07:28:56","slug":"mapa-do-site","status":"publish","type":"page","link":"https:\/\/cmbe.com\/pt-br\/mapa-do-site\/","title":{"rendered":"Mapa do site"},"content":{"rendered":"\t\t<div data-elementor-type=\"wp-page\" data-elementor-id=\"13667\" class=\"elementor elementor-13667 elementor-9620\" data-elementor-post-type=\"page\">\n\t\t\t\t<div class=\"elementor-element elementor-element-d506337 e-flex e-con-boxed e-con e-parent\" data-id=\"d506337\" data-element_type=\"container\">\n\t\t\t\t\t<div class=\"e-con-inner\">\n\t\t\t\t<div class=\"elementor-element elementor-element-e286600 elementor-widget elementor-widget-sitemap\" data-id=\"e286600\" data-element_type=\"widget\" data-widget_type=\"sitemap.default\">\n\t\t\t\t\t<div class=\"elementor-sitemap-wrap\"><div class=\"elementor-sitemap-section\"><h2 class=\"elementor-sitemap-title elementor-sitemap-page-title\">Products<\/h2><ul class=\"elementor-sitemap-list elementor-sitemap-page-list\"><li class=\"elementor-sitemap-item elementor-sitemap-item-page page_item page-item-13737\"><a href=\"https:\/\/cmbe.com\/pt-br\/blogs\/\">Blogs<\/a><\/li><li class=\"elementor-sitemap-item elementor-sitemap-item-page page_item page-item-13593\"><a href=\"https:\/\/cmbe.com\/pt-br\/declaracao-de-acessibilidade\/\">Declara\u00e7\u00e3o de acessibilidade<\/a><\/li><li class=\"elementor-sitemap-item elementor-sitemap-item-page page_item page-item-13610\"><a href=\"https:\/\/cmbe.com\/pt-br\/\">Fabrica\u00e7\u00e3o de latas &#8211; P\u00e1gina inicial<\/a><\/li><li class=\"elementor-sitemap-item elementor-sitemap-item-page page_item page-item-13714\"><a href=\"https:\/\/cmbe.com\/pt-br\/videos\/\">V\u00eddeos<\/a><\/li><li class=\"elementor-sitemap-item elementor-sitemap-item-page page_item page-item-6559\"><a href=\"https:\/\/cmbe.com\/pt-br\/products\/cmbe-bodymaker\/\">Bodymaker<\/a><\/li><li class=\"elementor-sitemap-item elementor-sitemap-item-page page_item page-item-6952\"><a href=\"https:\/\/cmbe.com\/pt-br\/products\/cmbe-dieset\/\">Dieset<\/a><\/li><li class=\"elementor-sitemap-item elementor-sitemap-item-page page_item page-item-6581\"><a href=\"https:\/\/cmbe.com\/pt-br\/products\/fabricante-de-latas-de-produtos\/\">Fabricante de latas de produtos<\/a><\/li><li class=\"elementor-sitemap-item elementor-sitemap-item-page page_item page-item-6642\"><a href=\"https:\/\/cmbe.com\/pt-br\/products\/maquina-de-pulverizacao-de-reformatacao-de-produtos\/\">M\u00e1quina de pulveriza\u00e7\u00e3o de reformata\u00e7\u00e3o de produtos<\/a><\/li><li class=\"elementor-sitemap-item elementor-sitemap-item-page page_item page-item-6582\"><a href=\"https:\/\/cmbe.com\/pt-br\/products\/produto-aparador\/\">Produto &#8211; Aparador<\/a><\/li><li class=\"elementor-sitemap-item elementor-sitemap-item-page page_item page-item-6560\"><a href=\"https:\/\/cmbe.com\/pt-br\/products\/produto-prensa-de-ruptura\/\">Produto &#8211; Prensa de ruptura<\/a><\/li><li class=\"elementor-sitemap-item elementor-sitemap-item-page page_item page-item-6740\"><a href=\"https:\/\/cmbe.com\/pt-br\/products\/produto-die-necker\/\">Produto-Die-necker<\/a><\/li><li class=\"elementor-sitemap-item elementor-sitemap-item-page page_item page-item-6626\"><a href=\"https:\/\/cmbe.com\/pt-br\/products\/produto-maquina-de-pulverizacao-de-verniz\/\">Produto-M\u00e1quina de pulveriza\u00e7\u00e3o de verniz<\/a><\/li><li class=\"elementor-sitemap-item elementor-sitemap-item-page page_item page-item-6604\"><a href=\"https:\/\/cmbe.com\/pt-br\/products\/cmbe-reformat-decorator\/\">Reformat decorator<\/a><\/li><li class=\"elementor-sitemap-item elementor-sitemap-item-page page_item page-item-6603\"><a href=\"https:\/\/cmbe.com\/pt-br\/products\/cmbe-trim-station\/\">Trim station<\/a><\/li><\/ul><\/div><\/div>\t\t\t\t<\/div>\n\t\t\t\t\t<\/div>\n\t\t\t\t<\/div>\n\t\t\t\t<\/div>\n\t\t","protected":false},"excerpt":{"rendered":"","protected":false},"author":2,"featured_media":0,"parent":0,"menu_order":0,"comment_status":"closed","ping_status":"closed","template":"","meta":{"footnotes":""},"categories":[],"tags":[],"class_list":["post-13667","page","type-page","status-publish","hentry"],"yoast_head":"<!-- This site is optimized with the Yoast SEO plugin v25.8 - https:\/\/yoast.com\/wordpress\/plugins\/seo\/ -->\n<title>Mapa do site - cmbe.com<\/title>\n<meta name=\"robots\" content=\"index, follow, max-snippet:-1, max-image-preview:large, max-video-preview:-1\" \/>\n<link rel=\"canonical\" href=\"https:\/\/cmbe.com\/sitemap\/\" \/>\n<meta property=\"og:locale\" content=\"pt_BR\" \/>\n<meta property=\"og:type\" content=\"article\" \/>\n<meta property=\"og:title\" content=\"Mapa do site - cmbe.com\" \/>\n<meta property=\"og:url\" content=\"https:\/\/cmbe.com\/sitemap\/\" \/>\n<meta property=\"og:site_name\" content=\"cmbe.com\" \/>\n<meta property=\"article:modified_time\" content=\"2026-04-24T07:28:56+00:00\" \/>\n<meta name=\"twitter:card\" content=\"summary_large_image\" \/>\n<script type=\"application\/ld+json\" class=\"yoast-schema-graph\">{\"@context\":\"https:\/\/schema.org\",\"@graph\":[{\"@type\":\"WebPage\",\"@id\":\"https:\/\/cmbe.com\/sitemap\/\",\"url\":\"https:\/\/cmbe.com\/sitemap\/\",\"name\":\"Mapa do site - cmbe.com\",\"isPartOf\":{\"@id\":\"https:\/\/cmbe.com\/#website\"},\"datePublished\":\"2025-02-24T09:14:42+00:00\",\"dateModified\":\"2026-04-24T07:28:56+00:00\",\"breadcrumb\":{\"@id\":\"https:\/\/cmbe.com\/sitemap\/#breadcrumb\"},\"inLanguage\":\"pt-BR\",\"potentialAction\":[{\"@type\":\"ReadAction\",\"target\":[\"https:\/\/cmbe.com\/sitemap\/\"]}]},{\"@type\":\"BreadcrumbList\",\"@id\":\"https:\/\/cmbe.com\/sitemap\/#breadcrumb\",\"itemListElement\":[{\"@type\":\"ListItem\",\"position\":1,\"name\":\"Home\",\"item\":\"https:\/\/cmbe.com\/\"},{\"@type\":\"ListItem\",\"position\":2,\"name\":\"Mapa do site\"}]},{\"@type\":\"WebSite\",\"@id\":\"https:\/\/cmbe.com\/#website\",\"url\":\"https:\/\/cmbe.com\/\",\"name\":\"cmbe.com\",\"description\":\"\",\"potentialAction\":[{\"@type\":\"SearchAction\",\"target\":{\"@type\":\"EntryPoint\",\"urlTemplate\":\"https:\/\/cmbe.com\/?s={search_term_string}\"},\"query-input\":{\"@type\":\"PropertyValueSpecification\",\"valueRequired\":true,\"valueName\":\"search_term_string\"}}],\"inLanguage\":\"pt-BR\"}]}<\/script>\n<!-- \/ Yoast SEO plugin. -->","yoast_head_json":{"title":"Mapa do site - cmbe.com","robots":{"index":"index","follow":"follow","max-snippet":"max-snippet:-1","max-image-preview":"max-image-preview:large","max-video-preview":"max-video-preview:-1"},"canonical":"https:\/\/cmbe.com\/sitemap\/","og_locale":"pt_BR","og_type":"article","og_title":"Mapa do site - cmbe.com","og_url":"https:\/\/cmbe.com\/sitemap\/","og_site_name":"cmbe.com","article_modified_time":"2026-04-24T07:28:56+00:00","twitter_card":"summary_large_image","schema":{"@context":"https:\/\/schema.org","@graph":[{"@type":"WebPage","@id":"https:\/\/cmbe.com\/sitemap\/","url":"https:\/\/cmbe.com\/sitemap\/","name":"Mapa do site - cmbe.com","isPartOf":{"@id":"https:\/\/cmbe.com\/#website"},"datePublished":"2025-02-24T09:14:42+00:00","dateModified":"2026-04-24T07:28:56+00:00","breadcrumb":{"@id":"https:\/\/cmbe.com\/sitemap\/#breadcrumb"},"inLanguage":"pt-BR","potentialAction":[{"@type":"ReadAction","target":["https:\/\/cmbe.com\/sitemap\/"]}]},{"@type":"BreadcrumbList","@id":"https:\/\/cmbe.com\/sitemap\/#breadcrumb","itemListElement":[{"@type":"ListItem","position":1,"name":"Home","item":"https:\/\/cmbe.com\/"},{"@type":"ListItem","position":2,"name":"Mapa do site"}]},{"@type":"WebSite","@id":"https:\/\/cmbe.com\/#website","url":"https:\/\/cmbe.com\/","name":"cmbe.com","description":"","potentialAction":[{"@type":"SearchAction","target":{"@type":"EntryPoint","urlTemplate":"https:\/\/cmbe.com\/?s={search_term_string}"},"query-input":{"@type":"PropertyValueSpecification","valueRequired":true,"valueName":"search_term_string"}}],"inLanguage":"pt-BR"}]}},"_links":{"self":[{"href":"https:\/\/cmbe.com\/pt-br\/wp-json\/wp\/v2\/pages\/13667","targetHints":{"allow":["GET"]}}],"collection":[{"href":"https:\/\/cmbe.com\/pt-br\/wp-json\/wp\/v2\/pages"}],"about":[{"href":"https:\/\/cmbe.com\/pt-br\/wp-json\/wp\/v2\/types\/page"}],"author":[{"embeddable":true,"href":"https:\/\/cmbe.com\/pt-br\/wp-json\/wp\/v2\/users\/2"}],"replies":[{"embeddable":true,"href":"https:\/\/cmbe.com\/pt-br\/wp-json\/wp\/v2\/comments?post=13667"}],"version-history":[{"count":1,"href":"https:\/\/cmbe.com\/pt-br\/wp-json\/wp\/v2\/pages\/13667\/revisions"}],"predecessor-version":[{"id":13668,"href":"https:\/\/cmbe.com\/pt-br\/wp-json\/wp\/v2\/pages\/13667\/revisions\/13668"}],"wp:attachment":[{"href":"https:\/\/cmbe.com\/pt-br\/wp-json\/wp\/v2\/media?parent=13667"}],"wp:term":[{"taxonomy":"category","embeddable":true,"href":"https:\/\/cmbe.com\/pt-br\/wp-json\/wp\/v2\/categories?post=13667"},{"taxonomy":"post_tag","embeddable":true,"href":"https:\/\/cmbe.com\/pt-br\/wp-json\/wp\/v2\/tags?post=13667"}],"curies":[{"name":"wp","href":"https:\/\/api.w.org\/{rel}","templated":true}]}}